{"id":25899,"date":"2025-07-18T16:07:04","date_gmt":"2025-07-18T16:07:04","guid":{"rendered":"https:\/\/yokohama.demo.mybeautifuldomain.com\/?page_id=25899"},"modified":"2025-08-27T14:58:40","modified_gmt":"2025-08-27T14:58:40","slug":"off-road-reifen","status":"publish","type":"page","link":"https:\/\/www.yokohama.eu\/de\/off-the-road-tyres\/","title":{"rendered":"Off-the-Road"},"content":{"rendered":"<div class='breakdance'><section class=\"bde-section-25899-100 bde-section overflow\">\n  \n  \n\t\n\n\n\n<div class=\"section-container\"><div class=\"bde-shortcode-25899-101 bde-shortcode breadcrumbs__wrap\"><nav class=\"breadcrumbs\" aria-label=\"Semmelbr\u00f6sel\"><a class=\"breadcrumbs__link breadcrumbs__link--home\" href=\"https:\/\/www.yokohama.eu\/de\/\">Startseite<\/a><span class=\"breadcrumbs__separator\"> \/ <\/span><span class=\"breadcrumbs__current\">Off-the-Road<\/span><\/nav><\/div><\/div>\n<\/section><section class=\"bde-section-25899-111 bde-section\" data-gsap=\"true\" data-scrolltrigger=\"false\">\n  \n  \n\t\n\n\n\n<div class=\"section-container\"><div class=\"bde-div-25899-112 bde-div\" data-animation=\"from-bot\">\n  \n  \n\t\n\n\n\n<h1 class=\"bde-heading-25899-113 bde-heading\">\nOff-the-Road-Reifen\n<\/h1><div class=\"bde-rich-text-25899-115 bde-rich-text breakdance-rich-text-styles\">\n<p>YOKOHAMA ist der einzige Hersteller weltweit, der ma\u00dfgeschneiderte Reifen f\u00fcr die anspruchsvollsten Anforderungen einzelner Unternehmen herstellt, die in den h\u00e4rtesten Umgebungen arbeiten.  Industrie, Schwerlast, enge Fahrzeugman\u00f6ver, Bergbau - YOKOHAMA hat das Know-how f\u00fcr alles.<\/p>\n<p>YOKOHAMA hat im Laufe der Jahre seine fortschrittlichen technologischen F\u00e4higkeiten ausgebaut. Unsere Gel\u00e4ndereifen sind qualitativ hochwertige Produkte, die in integrierten Produktionsst\u00e4tten mit strenger Qualit\u00e4tskontrolle hergestellt werden.<\/p>\n<p>Sie k\u00f6nnen die Vorteile dieser Gel\u00e4ndereifen voll aussch\u00f6pfen, wenn Sie die von YOKOHAMA bereitgestellten Richtlinien befolgen. Bitte kontaktieren Sie Ihren YOKOHAMA-Spezialisten f\u00fcr weitere Informationen, Details und Beratung.<\/p>\n<\/div>\n<\/div><div class=\"bde-div-25899-116 bde-div\" data-animation=\"from-bot\">\n  \n  \n\t\n\n\n\n<img decoding=\"async\" class=\"bde-image2-25899-117 bde-image2\" src=\"https:\/\/www.yokohama.eu\/wp-content\/uploads\/2025\/07\/truck-and-bus.jpg\" alt=\"Gel\u00e4ndereifen Yokohama\" loading=\"lazy\" srcset=\"https:\/\/www.yokohama.eu\/wp-content\/uploads\/2025\/07\/truck-and-bus.jpg 1500w, https:\/\/www.yokohama.eu\/wp-content\/uploads\/2025\/07\/truck-and-bus-227x300.jpg 227w, https:\/\/www.yokohama.eu\/wp-content\/uploads\/2025\/07\/truck-and-bus-774x1024.jpg 774w, https:\/\/www.yokohama.eu\/wp-content\/uploads\/2025\/07\/truck-and-bus-768x1016.jpg 768w, https:\/\/www.yokohama.eu\/wp-content\/uploads\/2025\/07\/truck-and-bus-1161x1536.jpg 1161w\" sizes=\"(max-width: 1500px) 100vw, 1500px\"><h3 class=\"bde-heading-25899-118 bde-heading\">\nAbseits der Stra\u00dfe<br>Reifenhandbuch\n<\/h3><div class=\"bde-button-25899-120 bde-button\">\n    \n                                    \n    \n    \n    \n    \n            \n                    \n            \n            \n\n    \n    \n    \n    \n    \n    <a class=\"breakdance-link button-atom button-atom--primary bde-button__button\" href=\"https:\/\/www.yokohama.eu\/wp-content\/uploads\/2025\/05\/YOKOHAMA_OTR_Handbook_2023.pdf\" target=\"_blank\" data-type=\"url\"  >\n\n    \n        <span class=\"button-atom__text\">Herunterladen<\/span>\n\n        \n        \n                <\/a>\n\n    \n\n\n<\/div>\n<\/div><\/div>\n<\/section><\/div>","protected":false},"excerpt":{"rendered":"<p>Home \/ Off-the-Road Off-the-Road Tyres YOKOHAMA is the only manufacturer in the world that custom-builds tyres to meet the most demanding needs of\u00a0 individual businesses\u00a0 operating in the harshest of environments.\u00a0 Industrial, heavy loads, tight vehicle manoeuvres, mining, YOKOHAMA has the expertise in all. YOKOHAMA has built its advanced technological capabilities over the years. Our [&hellip;]<\/p>\n","protected":false},"author":1,"featured_media":0,"parent":0,"menu_order":15,"comment_status":"closed","ping_status":"closed","template":"","meta":{"_acf_changed":false,"_breakdance_hide_in_design_set":false,"_breakdance_tags":"","footnotes":""},"class_list":["post-25899","page","type-page","status-publish","hentry"],"acf":[],"yoast_head":"<!-- This site is optimized with the Yoast SEO plugin v27.0 - https:\/\/yoast.com\/product\/yoast-seo-wordpress\/ -->\n<title>Off-the-Road Tyres Catalogue | Yokohama<\/title>\n<meta name=\"description\" content=\"Discover the Yokohama Off-the-Road tyres catalogue with a wide selection of products designed for different vehicles and applications.\" \/>\n<meta name=\"robots\" content=\"index, follow, max-snippet:-1, max-image-preview:large, max-video-preview:-1\" \/>\n<link rel=\"canonical\" href=\"https:\/\/www.yokohama.eu\/de\/off-road-reifen\/\" \/>\n<meta property=\"og:locale\" content=\"de_DE\" \/>\n<meta property=\"og:type\" content=\"article\" \/>\n<meta property=\"og:title\" content=\"Off-the-Road Tyres Catalogue | Yokohama\" \/>\n<meta property=\"og:description\" content=\"Discover the Yokohama Off-the-Road tyres catalogue with a wide selection of products designed for different vehicles and applications.\" \/>\n<meta property=\"og:url\" content=\"https:\/\/www.yokohama.eu\/de\/off-road-reifen\/\" \/>\n<meta property=\"og:site_name\" content=\"Yokohama\" \/>\n<meta property=\"article:modified_time\" content=\"2025-08-27T14:58:40+00:00\" \/>\n<meta name=\"twitter:card\" content=\"summary_large_image\" \/>\n<meta name=\"twitter:label1\" content=\"Gesch\u00e4tzte Lesezeit\" \/>\n\t<meta name=\"twitter:data1\" content=\"1\u00a0Minute\" \/>\n<script type=\"application\/ld+json\" class=\"yoast-schema-graph\">{\"@context\":\"https:\/\/schema.org\",\"@graph\":[{\"@type\":\"WebPage\",\"@id\":\"https:\/\/www.yokohama.eu\/off-the-road-tyres\/\",\"url\":\"https:\/\/www.yokohama.eu\/off-the-road-tyres\/\",\"name\":\"Off-the-Road Tyres Catalogue | Yokohama\",\"isPartOf\":{\"@id\":\"https:\/\/www.yokohama.eu\/#website\"},\"datePublished\":\"2025-07-18T16:07:04+00:00\",\"dateModified\":\"2025-08-27T14:58:40+00:00\",\"description\":\"Discover the Yokohama Off-the-Road tyres catalogue with a wide selection of products designed for different vehicles and applications.\",\"breadcrumb\":{\"@id\":\"https:\/\/www.yokohama.eu\/off-the-road-tyres\/#breadcrumb\"},\"inLanguage\":\"de\",\"potentialAction\":[{\"@type\":\"ReadAction\",\"target\":[\"https:\/\/www.yokohama.eu\/off-the-road-tyres\/\"]}]},{\"@type\":\"BreadcrumbList\",\"@id\":\"https:\/\/www.yokohama.eu\/off-the-road-tyres\/#breadcrumb\",\"itemListElement\":[{\"@type\":\"ListItem\",\"position\":1,\"name\":\"Home\",\"item\":\"https:\/\/www.yokohama.eu\/\"},{\"@type\":\"ListItem\",\"position\":2,\"name\":\"Off-the-Road\"}]},{\"@type\":\"WebSite\",\"@id\":\"https:\/\/www.yokohama.eu\/#website\",\"url\":\"https:\/\/www.yokohama.eu\/\",\"name\":\"Yokohama\",\"description\":\"\",\"potentialAction\":[{\"@type\":\"SearchAction\",\"target\":{\"@type\":\"EntryPoint\",\"urlTemplate\":\"https:\/\/www.yokohama.eu\/?s={search_term_string}\"},\"query-input\":{\"@type\":\"PropertyValueSpecification\",\"valueRequired\":true,\"valueName\":\"search_term_string\"}}],\"inLanguage\":\"de\"}]}<\/script>\n<!-- \/ Yoast SEO plugin. -->","yoast_head_json":{"title":"Off-the-Road-Reifenkatalog | Yokohama","description":"Entdecken Sie den Yokohama Off-the-Road-Reifenkatalog mit einer gro\u00dfen Auswahl an Produkten, die f\u00fcr verschiedene Fahrzeuge und Anwendungen entwickelt wurden.","robots":{"index":"index","follow":"follow","max-snippet":"max-snippet:-1","max-image-preview":"max-image-preview:large","max-video-preview":"max-video-preview:-1"},"canonical":"https:\/\/www.yokohama.eu\/de\/off-road-reifen\/","og_locale":"de_DE","og_type":"article","og_title":"Off-the-Road Tyres Catalogue | Yokohama","og_description":"Discover the Yokohama Off-the-Road tyres catalogue with a wide selection of products designed for different vehicles and applications.","og_url":"https:\/\/www.yokohama.eu\/de\/off-road-reifen\/","og_site_name":"Yokohama","article_modified_time":"2025-08-27T14:58:40+00:00","twitter_card":"summary_large_image","twitter_misc":{"Gesch\u00e4tzte Lesezeit":"1\u00a0Minute"},"schema":{"@context":"https:\/\/schema.org","@graph":[{"@type":"WebPage","@id":"https:\/\/www.yokohama.eu\/off-the-road-tyres\/","url":"https:\/\/www.yokohama.eu\/off-the-road-tyres\/","name":"Off-the-Road-Reifenkatalog | Yokohama","isPartOf":{"@id":"https:\/\/www.yokohama.eu\/#website"},"datePublished":"2025-07-18T16:07:04+00:00","dateModified":"2025-08-27T14:58:40+00:00","description":"Entdecken Sie den Yokohama Off-the-Road-Reifenkatalog mit einer gro\u00dfen Auswahl an Produkten, die f\u00fcr verschiedene Fahrzeuge und Anwendungen entwickelt wurden.","breadcrumb":{"@id":"https:\/\/www.yokohama.eu\/off-the-road-tyres\/#breadcrumb"},"inLanguage":"de","potentialAction":[{"@type":"ReadAction","target":["https:\/\/www.yokohama.eu\/off-the-road-tyres\/"]}]},{"@type":"BreadcrumbList","@id":"https:\/\/www.yokohama.eu\/off-the-road-tyres\/#breadcrumb","itemListElement":[{"@type":"ListItem","position":1,"name":"Home","item":"https:\/\/www.yokohama.eu\/"},{"@type":"ListItem","position":2,"name":"Off-the-Road"}]},{"@type":"WebSite","@id":"https:\/\/www.yokohama.eu\/#website","url":"https:\/\/www.yokohama.eu\/","name":"Yokohama","description":"","potentialAction":[{"@type":"SearchAction","target":{"@type":"EntryPoint","urlTemplate":"https:\/\/www.yokohama.eu\/?s={search_term_string}"},"query-input":{"@type":"PropertyValueSpecification","valueRequired":true,"valueName":"search_term_string"}}],"inLanguage":"de"}]}},"_links":{"self":[{"href":"https:\/\/www.yokohama.eu\/de\/wp-json\/wp\/v2\/pages\/25899","targetHints":{"allow":["GET"]}}],"collection":[{"href":"https:\/\/www.yokohama.eu\/de\/wp-json\/wp\/v2\/pages"}],"about":[{"href":"https:\/\/www.yokohama.eu\/de\/wp-json\/wp\/v2\/types\/page"}],"author":[{"embeddable":true,"href":"https:\/\/www.yokohama.eu\/de\/wp-json\/wp\/v2\/users\/1"}],"replies":[{"embeddable":true,"href":"https:\/\/www.yokohama.eu\/de\/wp-json\/wp\/v2\/comments?post=25899"}],"version-history":[{"count":0,"href":"https:\/\/www.yokohama.eu\/de\/wp-json\/wp\/v2\/pages\/25899\/revisions"}],"wp:attachment":[{"href":"https:\/\/www.yokohama.eu\/de\/wp-json\/wp\/v2\/media?parent=25899"}],"curies":[{"name":"wp","href":"https:\/\/api.w.org\/{rel}","templated":true}]}}