{"id":46561,"date":"2025-08-14T14:37:05","date_gmt":"2025-08-14T14:37:05","guid":{"rendered":"https:\/\/yokohama.demo.mybeautifuldomain.com\/?page_id=46561"},"modified":"2025-10-13T10:01:19","modified_gmt":"2025-10-13T10:01:19","slug":"reifenverordnung","status":"publish","type":"page","link":"https:\/\/www.yokohama.eu\/de\/tyre-regulation\/","title":{"rendered":"Reifenverordnung"},"content":{"rendered":"<div class='breakdance'><section class=\"bde-section-46561-100 bde-section\" data-gsap=\"true\" data-scrolltrigger=\"false\">\n  \n  \n\t\n\n\n\n<div class=\"section-container\"><div class=\"bde-shortcode-46561-101 bde-shortcode breadcrumbs__wrap\"><nav class=\"breadcrumbs\" aria-label=\"Semmelbr\u00f6sel\"><a class=\"breadcrumbs__link breadcrumbs__link--home\" href=\"https:\/\/www.yokohama.eu\/de\/\">Startseite<\/a><span class=\"breadcrumbs__separator\"> \/ <\/span><span class=\"breadcrumbs__current\">Reifenverordnung<\/span><\/nav><\/div><div class=\"bde-div-46561-102 bde-div\" data-animation=\"from-bot\">\n  \n  \n\t\n\n\n\n<h1 class=\"bde-heading-46561-103 bde-heading\">\nReifenverordnung\n<\/h1><div class=\"bde-rich-text-46561-107 bde-rich-text breakdance-rich-text-styles\">\n<p>Seit 2012 bietet das EU-Reifen-Energieetikett eine klare und einheitliche Klassifizierung der Reifenleistung f\u00fcr Rollwiderstand, Bremsen auf nasser Fahrbahn und Au\u00dfenger\u00e4usch. Die Kennzeichnungen helfen den Verbrauchern, beim Reifenkauf fundierte Entscheidungen zu treffen, da sie ihre Priorit\u00e4ten anhand der Parameter leicht festlegen k\u00f6nnen.<\/p>\n<p>Mit der Verordnung (EG) Nr. 1222\/2009 wurde erstmals die Verpflichtung eingef\u00fchrt, Pkw- und Transporterreifen mit einem Aufkleber mit der Kennzeichnung auf den EU-Markt zu bringen. Diese Verordnung wurde aufgehoben und durch die Verordnung (EU) 2020\/740 mit Beginn der Anwendung am 1. Mai 2021 ersetzt. Mit der Verordnung wurde ein Rahmen f\u00fcr die Bereitstellung harmonisierter Informationen zu Reifenparametern durch die Kennzeichnung geschaffen, damit die Endnutzer beim Reifenkauf eine fundierte Entscheidung treffen k\u00f6nnen, um die wirtschaftliche und \u00f6kologische Effizienz des Stra\u00dfenverkehrs durch die F\u00f6rderung kraftstoffeffizienter, sicherer und ger\u00e4uscharmer Reifen zu steigern.<\/p>\n<p>Reifen sind in den Klassen F und G f\u00fcr den Rollwiderstand und die Nasshaftung nicht mehr zugelassen, weshalb die neue Skala nur noch 5 Klassen (A bis E) umfasst. Die neuen Energiesymbole machen besser deutlich, dass die Kraftstoffeffizienz sowohl f\u00fcr Fahrzeuge mit Verbrennungsmotor als auch f\u00fcr Elektrofahrzeuge gilt. Im unteren Teil wird immer die Klasse des externen Rollger\u00e4uschs angegeben, einschlie\u00dflich des Messwerts des externen Ger\u00e4uschpegels in Dezibel.<\/p>\n<p><a href=\"https:\/\/public-energy-label-acceptance.ec.europa.eu\/screen\/home\" target=\"_blank\" rel=\"noopener noreferrer nofollow\">Der \u00f6ffentliche Teil der EPREL-Plattform<\/a><\/p>\n<p><a href=\"https:\/\/eur-lex.europa.eu\/legal-content\/EN\/TXT\/?uri=uriserv%3AOJ.L_.2020.177.01.0001.01.ENG&amp;toc=OJ%3AL%3A2020%3A177%3ATOC\" target=\"_blank\" rel=\"noopener noreferrer nofollow\">Die europ\u00e4ische Reifenkennzeichnungsverordnung<\/a><\/p>\n<\/div><div class=\"bde-div-46561-108 bde-div\">\n  \n  \n\t\n\n\n\n<img decoding=\"async\" class=\"bde-image2-46561-109 bde-image2\" src=\"https:\/\/www.yokohama.eu\/wp-content\/uploads\/2025\/08\/Container.png\" alt=\"Reifenregelungstabelle\" loading=\"lazy\" srcset=\"https:\/\/www.yokohama.eu\/wp-content\/uploads\/2025\/08\/Container.png 932w, https:\/\/www.yokohama.eu\/wp-content\/uploads\/2025\/08\/Container-768x938.png 768w\" sizes=\"(max-width: 932px) 100vw, 932px\"><div class=\"bde-div-46561-110 bde-div\">\n  \n  \n\t\n\n\n\n<div class=\"bde-text-46561-111 bde-text\">\nQR-Code\n<\/div><div class=\"bde-text-46561-112 bde-text\">\nHandelsname oder Marke des Lieferanten\n<\/div><div class=\"bde-text-46561-113 bde-text\">\nIdentifizierung des Reifentyps\n<\/div><div class=\"bde-text-46561-114 bde-text\">\nBezeichnung der Reifengr\u00f6\u00dfe, Tragf\u00e4higkeitskennzahl und Symbol f\u00fcr die Geschwindigkeitskategorie\n<\/div><div class=\"bde-text-46561-115 bde-text\">\nReifenklasse: d.h. C1, C2 oder C3\n<\/div><div class=\"bde-text-46561-116 bde-text\">\nPiktogramm f\u00fcr den Kraftstoffverbrauch, Skala und Leistungsklasse\n<\/div><div class=\"bde-text-46561-117 bde-text\">\nPiktogramm der Nasshaftung, Skala und Leistungsklasse\n<\/div><div class=\"bde-text-46561-118 bde-text\">\nPiktogramm des externen Rollger\u00e4uschs, Wert (ausgedr\u00fcckt in dB und auf die n\u00e4chste ganze Zahl gerundet) und Leistungsklasse\n<\/div><div class=\"bde-text-46561-119 bde-text\">\nPiktogramm Schneegriff\n<\/div><div class=\"bde-text-46561-120 bde-text\">\nPiktogramm Eisgriff\n<\/div><div class=\"bde-text-46561-121 bde-text\">\nDie Seriennummer dieser Verordnung: \"2020\/740\"\n<\/div>\n<\/div>\n<\/div><div class=\"bde-div-46561-126 bde-div\">\n  \n  \n\t\n\n\n\n<div class=\"bde-div-46561-130 bde-div\">\n  \n  \n\t\n\n\n\n<img decoding=\"async\" class=\"bde-image2-46561-131 bde-image2\" src=\"https:\/\/www.yokohama.eu\/wp-content\/uploads\/2025\/08\/Asset-5.svg\" alt=\"Piktogramm f\u00fcr den Kraftstoffverbrauch, Skala und Leistungsklasse\" loading=\"lazy\">\n<\/div><div class=\"bde-div-46561-128 bde-div\">\n  \n  \n\t\n\n\n\n<h3 class=\"bde-heading-46561-142 bde-heading\">\nKraftstoff-Effizienzklasse\n<\/h3><div class=\"bde-rich-text-46561-129 bde-rich-text breakdance-rich-text-styles\">\n<p>Die Kraftstoffeffizienzklasse reicht von A (am effizientesten) bis E (am wenigsten effizient). Ein Reifen der h\u00f6chsten Klasse hat einen geringeren Rollwiderstand und ben\u00f6tigt daher weniger Energie, um das Fahrzeug zu bewegen. Dies f\u00fchrt zu niedrigeren Energiekosten (fossile Brennstoffe oder Strom).<\/p>\n<\/div>\n<\/div>\n<\/div><div class=\"bde-div-46561-143 bde-div\">\n  \n  \n\t\n\n\n\n<div class=\"bde-div-46561-144 bde-div\">\n  \n  \n\t\n\n\n\n<img decoding=\"async\" class=\"bde-image2-46561-145 bde-image2\" src=\"https:\/\/www.yokohama.eu\/wp-content\/uploads\/2025\/08\/Asset-6.svg\" alt=\"Piktogramm der Nasshaftung, Skala und Leistungsklasse\" loading=\"lazy\">\n<\/div><div class=\"bde-div-46561-146 bde-div\">\n  \n  \n\t\n\n\n\n<h3 class=\"bde-heading-46561-147 bde-heading\">\nNass-Grip-Klasse\n<\/h3><div class=\"bde-rich-text-46561-148 bde-rich-text breakdance-rich-text-styles\">\n<p>Die Nasshaftung beschreibt die Leistung eines Reifens unter nassen Bedingungen, und die Klassen reichen von A (k\u00fcrzerer Bremsweg auf nassem Asphalt) bis E (l\u00e4ngster Bremsweg).<\/p>\n<\/div>\n<\/div>\n<\/div><div class=\"bde-div-46561-149 bde-div\">\n  \n  \n\t\n\n\n\n<div class=\"bde-div-46561-150 bde-div\">\n  \n  \n\t\n\n\n\n<img decoding=\"async\" class=\"bde-image2-46561-151 bde-image2\" src=\"https:\/\/www.yokohama.eu\/wp-content\/uploads\/2025\/08\/Asset-4.svg\" alt=\"Piktogramm des externen Rollger\u00e4uschs, Wert und Leistungsklasse\" loading=\"lazy\">\n<\/div><div class=\"bde-div-46561-152 bde-div\">\n  \n  \n\t\n\n\n\n<h3 class=\"bde-heading-46561-153 bde-heading\">\nKlasse des externen Rollger\u00e4uschs und Messwert (dB)\n<\/h3><div class=\"bde-rich-text-46561-154 bde-rich-text breakdance-rich-text-styles\">\n<p>Die Klasse des externen Rollger\u00e4uschs reicht von A (wenig L\u00e4rm au\u00dferhalb des Fahrzeugs) bis C (h\u00f6chster L\u00e4rm). Das externe Rollger\u00e4usch, das von den Reifen verursacht wird, wird in Dezibel gemessen. Dieses Ger\u00e4usch unterscheidet sich von dem<br \/>\"Hohlraumger\u00e4usche\", d. h. Ger\u00e4usche, die von den Felgen in den Innenraum des Fahrzeugs \u00fcbertragen werden.<\/p>\n<\/div>\n<\/div>\n<\/div><div class=\"bde-rich-text-46561-122 bde-rich-text breakdance-rich-text-styles\">\n<p>Nach der neuen Verordnung besteht die M\u00f6glichkeit, zus\u00e4tzlich zum bisherigen Reifenlabel im unteren Teil des Reifenlabels (neben dem Piktogramm f\u00fcr das externe Rollger\u00e4usch) ein Symbol f\u00fcr die Haftung auf Eis und\/oder starkem Schnee anzubringen, wenn die Reifen die Mindestwerte f\u00fcr den Schneehaftungsindex oder den entsprechenden Mindestwert f\u00fcr den Eishaftungsindex erf\u00fcllen.<\/p>\n<\/div><div class=\"bde-div-46561-137 bde-div\">\n  \n  \n\t\n\n\n\n<div class=\"bde-div-46561-138 bde-div\">\n  \n  \n\t\n\n\n\n<img decoding=\"async\" class=\"bde-image2-46561-139 bde-image2\" src=\"https:\/\/www.yokohama.eu\/wp-content\/uploads\/2025\/08\/Asset-3.svg\" alt=\"Piktogramm Schnee- und Eisgriffigkeit\" loading=\"lazy\">\n<\/div><div class=\"bde-div-46561-140 bde-div\">\n  \n  \n\t\n\n\n\n<div class=\"bde-rich-text-46561-141 bde-rich-text breakdance-rich-text-styles\">\n<p>Reifen, die f\u00fcr schwere Schneeverh\u00e4ltnisse geeignet sind, tragen das Piktogramm f\u00fcr Schneegriffigkeit (\"3 Peak Mountain Snowflake\") oder das Symbol \"alpin\", das sich auch auf der Seitenwand dieser Reifen befindet. Nordische Winterreifen (Reifenklasse C1) f\u00fcr den Einsatz auf vereisten Oberfl\u00e4chen sind mit einem Symbol (Eisgriff-Piktogramm) versehen, das einen Eisstalagmiten darstellt.<\/p>\n<\/div>\n<\/div>\n<\/div><div class=\"bde-rich-text-46561-127 bde-rich-text breakdance-rich-text-styles\">\n<p>Der QR-Code, der mit einem Smartphone oder einem anderen geeigneten Leseger\u00e4t gelesen werden kann, soll diese und zus\u00e4tzliche Informationen f\u00fcr jede einzelne Reifentypkennung \u00fcber einen Link zum \u00f6ffentlichen Teil der neuen europ\u00e4ischen Produktdatenbank f\u00fcr die Energiekennzeichnung (EPREL) liefern. Ein Link zu dieser Datenbank ist auch auf der YOKOHAMA-Website (www.yokohama.eu) zu finden. Sie k\u00f6nnen die Informationen der Datenbank auch in gedruckter Form bei Ihrem Reifenh\u00e4ndler erhalten.<\/p>\n<p>Weitere Bestandteile der Kennzeichnung sind der Handelsname oder die Marke des Lieferanten, die Reifentypbezeichnung, die Bezeichnung der Reifengr\u00f6\u00dfe, die Tragf\u00e4higkeitskennzahl und das Symbol f\u00fcr die Geschwindigkeitskategorie, die Reifenklasse und au\u00dferdem die Seriennummer der Vorschrift (im unteren Teil des Reifenetiketts).<\/p>\n<\/div><div class=\"bde-div-46561-123 bde-div\">\n  \n  \n\t\n\n\n\n<h2 class=\"bde-heading-46561-125 bde-heading\">\nErfahren Sie mehr \u00fcber das neue EU-Reifenkennzeichnungssystem\n<\/h2><div class=\"bde-rich-text-46561-124 bde-rich-text breakdance-rich-text-styles\">\n<p>Erfahren Sie, wie Reifen nach den neuesten EU-Vorschriften hinsichtlich Haftung, Effizienz und Ger\u00e4uschentwicklung bewertet werden.<\/p>\n<\/div><div class=\"bde-button-46561-161 bde-button btn-black\">\n    \n                        \n                        \n    \n    \n    \n    \n            \n                    \n            \n            \n\n    \n    \n    \n    \n    \n    <a class=\"breakdance-link button-atom button-atom--primary bde-button__button\" href=\"\/de\/reifenverordnung\/eu-reifenlabel\/\" target=\"_self\" data-type=\"url\"  >\n\n    \n        <span class=\"button-atom__text\">EU-Etiketten-Generator<\/span>\n\n        \n        \n                <\/a>\n\n    \n\n\n<\/div>\n<\/div>\n<\/div><\/div>\n<\/section><\/div>","protected":false},"excerpt":{"rendered":"<p>Home \/ Tyre Regulation Tyre Regulation Since 2012 the EU Tyre Energy Label provides a clear and common classification of tyre performance for rolling resistance, braking on wet surfaces and external noise. The labels help consumers make informed decisions when they are buying tyres as they can easily set their priority choice based on the [&hellip;]<\/p>\n","protected":false},"author":1,"featured_media":0,"parent":0,"menu_order":16,"comment_status":"closed","ping_status":"closed","template":"","meta":{"_acf_changed":false,"_breakdance_hide_in_design_set":false,"_breakdance_tags":"","footnotes":""},"class_list":["post-46561","page","type-page","status-publish","hentry"],"acf":[],"yoast_head":"<!-- This site is optimized with the Yoast SEO plugin v27.0 - https:\/\/yoast.com\/product\/yoast-seo-wordpress\/ -->\n<title>Tyre Compliance Info | Yokohama<\/title>\n<meta name=\"description\" content=\"Information on tyre regulation, including the main safety guidelines and international standards for tyres.\" \/>\n<meta name=\"robots\" content=\"index, follow, max-snippet:-1, max-image-preview:large, max-video-preview:-1\" \/>\n<link rel=\"canonical\" href=\"https:\/\/www.yokohama.eu\/de\/reifenverordnung\/\" \/>\n<meta property=\"og:locale\" content=\"de_DE\" \/>\n<meta property=\"og:type\" content=\"article\" \/>\n<meta property=\"og:title\" content=\"Tyre Compliance Info | Yokohama\" \/>\n<meta property=\"og:description\" content=\"Information on tyre regulation, including the main safety guidelines and international standards for tyres.\" \/>\n<meta property=\"og:url\" content=\"https:\/\/www.yokohama.eu\/de\/reifenverordnung\/\" \/>\n<meta property=\"og:site_name\" content=\"Yokohama\" \/>\n<meta property=\"article:modified_time\" content=\"2025-10-13T10:01:19+00:00\" \/>\n<meta name=\"twitter:card\" content=\"summary_large_image\" \/>\n<meta name=\"twitter:label1\" content=\"Gesch\u00e4tzte Lesezeit\" \/>\n\t<meta name=\"twitter:data1\" content=\"5\u00a0Minuten\" \/>\n<script type=\"application\/ld+json\" class=\"yoast-schema-graph\">{\"@context\":\"https:\/\/schema.org\",\"@graph\":[{\"@type\":\"WebPage\",\"@id\":\"https:\/\/www.yokohama.eu\/tyre-regulation\/\",\"url\":\"https:\/\/www.yokohama.eu\/tyre-regulation\/\",\"name\":\"Tyre Compliance Info | Yokohama\",\"isPartOf\":{\"@id\":\"https:\/\/www.yokohama.eu\/#website\"},\"datePublished\":\"2025-08-14T14:37:05+00:00\",\"dateModified\":\"2025-10-13T10:01:19+00:00\",\"description\":\"Information on tyre regulation, including the main safety guidelines and international standards for tyres.\",\"breadcrumb\":{\"@id\":\"https:\/\/www.yokohama.eu\/tyre-regulation\/#breadcrumb\"},\"inLanguage\":\"de\",\"potentialAction\":[{\"@type\":\"ReadAction\",\"target\":[\"https:\/\/www.yokohama.eu\/tyre-regulation\/\"]}]},{\"@type\":\"BreadcrumbList\",\"@id\":\"https:\/\/www.yokohama.eu\/tyre-regulation\/#breadcrumb\",\"itemListElement\":[{\"@type\":\"ListItem\",\"position\":1,\"name\":\"Home\",\"item\":\"https:\/\/www.yokohama.eu\/\"},{\"@type\":\"ListItem\",\"position\":2,\"name\":\"Tyre Regulation\"}]},{\"@type\":\"WebSite\",\"@id\":\"https:\/\/www.yokohama.eu\/#website\",\"url\":\"https:\/\/www.yokohama.eu\/\",\"name\":\"Yokohama\",\"description\":\"\",\"potentialAction\":[{\"@type\":\"SearchAction\",\"target\":{\"@type\":\"EntryPoint\",\"urlTemplate\":\"https:\/\/www.yokohama.eu\/?s={search_term_string}\"},\"query-input\":{\"@type\":\"PropertyValueSpecification\",\"valueRequired\":true,\"valueName\":\"search_term_string\"}}],\"inLanguage\":\"de\"}]}<\/script>\n<!-- \/ Yoast SEO plugin. -->","yoast_head_json":{"title":"Informationen \u00fcber die Einhaltung der Vorschriften f\u00fcr Reifen | Yokohama","description":"Informationen \u00fcber Reifenvorschriften, einschlie\u00dflich der wichtigsten Sicherheitsrichtlinien und internationalen Normen f\u00fcr Reifen.","robots":{"index":"index","follow":"follow","max-snippet":"max-snippet:-1","max-image-preview":"max-image-preview:large","max-video-preview":"max-video-preview:-1"},"canonical":"https:\/\/www.yokohama.eu\/de\/reifenverordnung\/","og_locale":"de_DE","og_type":"article","og_title":"Tyre Compliance Info | Yokohama","og_description":"Information on tyre regulation, including the main safety guidelines and international standards for tyres.","og_url":"https:\/\/www.yokohama.eu\/de\/reifenverordnung\/","og_site_name":"Yokohama","article_modified_time":"2025-10-13T10:01:19+00:00","twitter_card":"summary_large_image","twitter_misc":{"Gesch\u00e4tzte Lesezeit":"5\u00a0Minuten"},"schema":{"@context":"https:\/\/schema.org","@graph":[{"@type":"WebPage","@id":"https:\/\/www.yokohama.eu\/tyre-regulation\/","url":"https:\/\/www.yokohama.eu\/tyre-regulation\/","name":"Informationen \u00fcber die Einhaltung der Vorschriften f\u00fcr Reifen | Yokohama","isPartOf":{"@id":"https:\/\/www.yokohama.eu\/#website"},"datePublished":"2025-08-14T14:37:05+00:00","dateModified":"2025-10-13T10:01:19+00:00","description":"Informationen \u00fcber Reifenvorschriften, einschlie\u00dflich der wichtigsten Sicherheitsrichtlinien und internationalen Normen f\u00fcr Reifen.","breadcrumb":{"@id":"https:\/\/www.yokohama.eu\/tyre-regulation\/#breadcrumb"},"inLanguage":"de","potentialAction":[{"@type":"ReadAction","target":["https:\/\/www.yokohama.eu\/tyre-regulation\/"]}]},{"@type":"BreadcrumbList","@id":"https:\/\/www.yokohama.eu\/tyre-regulation\/#breadcrumb","itemListElement":[{"@type":"ListItem","position":1,"name":"Home","item":"https:\/\/www.yokohama.eu\/"},{"@type":"ListItem","position":2,"name":"Tyre Regulation"}]},{"@type":"WebSite","@id":"https:\/\/www.yokohama.eu\/#website","url":"https:\/\/www.yokohama.eu\/","name":"Yokohama","description":"","potentialAction":[{"@type":"SearchAction","target":{"@type":"EntryPoint","urlTemplate":"https:\/\/www.yokohama.eu\/?s={search_term_string}"},"query-input":{"@type":"PropertyValueSpecification","valueRequired":true,"valueName":"search_term_string"}}],"inLanguage":"de"}]}},"_links":{"self":[{"href":"https:\/\/www.yokohama.eu\/de\/wp-json\/wp\/v2\/pages\/46561","targetHints":{"allow":["GET"]}}],"collection":[{"href":"https:\/\/www.yokohama.eu\/de\/wp-json\/wp\/v2\/pages"}],"about":[{"href":"https:\/\/www.yokohama.eu\/de\/wp-json\/wp\/v2\/types\/page"}],"author":[{"embeddable":true,"href":"https:\/\/www.yokohama.eu\/de\/wp-json\/wp\/v2\/users\/1"}],"replies":[{"embeddable":true,"href":"https:\/\/www.yokohama.eu\/de\/wp-json\/wp\/v2\/comments?post=46561"}],"version-history":[{"count":3,"href":"https:\/\/www.yokohama.eu\/de\/wp-json\/wp\/v2\/pages\/46561\/revisions"}],"predecessor-version":[{"id":48400,"href":"https:\/\/www.yokohama.eu\/de\/wp-json\/wp\/v2\/pages\/46561\/revisions\/48400"}],"wp:attachment":[{"href":"https:\/\/www.yokohama.eu\/de\/wp-json\/wp\/v2\/media?parent=46561"}],"curies":[{"name":"wp","href":"https:\/\/api.w.org\/{rel}","templated":true}]}}