{"id":25899,"date":"2025-07-18T16:07:04","date_gmt":"2025-07-18T16:07:04","guid":{"rendered":"https:\/\/yokohama.demo.mybeautifuldomain.com\/?page_id=25899"},"modified":"2025-08-27T14:58:40","modified_gmt":"2025-08-27T14:58:40","slug":"neumaticos-todoterreno","status":"publish","type":"page","link":"https:\/\/www.yokohama.eu\/es\/off-the-road-tyres\/","title":{"rendered":"Todoterreno"},"content":{"rendered":"<div class='breakdance'><section class=\"bde-section-25899-100 bde-section overflow\">\n  \n  \n\t\n\n\n\n<div class=\"section-container\"><div class=\"bde-shortcode-25899-101 bde-shortcode breadcrumbs__wrap\"><nav class=\"breadcrumbs\" aria-label=\"Migas de pan\"><a class=\"breadcrumbs__link breadcrumbs__link--home\" href=\"https:\/\/www.yokohama.eu\/es\/\">Inicio<\/a><span class=\"breadcrumbs__separator\"> \/ <\/span><span class=\"breadcrumbs__current\">Todoterreno<\/span><\/nav><\/div><\/div>\n<\/section><section class=\"bde-section-25899-111 bde-section\" data-gsap=\"true\" data-scrolltrigger=\"false\">\n  \n  \n\t\n\n\n\n<div class=\"section-container\"><div class=\"bde-div-25899-112 bde-div\" data-animation=\"from-bot\">\n  \n  \n\t\n\n\n\n<h1 class=\"bde-heading-25899-113 bde-heading\">\nNeum\u00e1ticos todoterreno\n<\/h1><div class=\"bde-rich-text-25899-115 bde-rich-text breakdance-rich-text-styles\">\n<p>YOKOHAMA es el \u00fanico fabricante del mundo que fabrica neum\u00e1ticos a medida para satisfacer las necesidades m\u00e1s exigentes de las empresas individuales que operan en los entornos m\u00e1s duros.  Industria, cargas pesadas, maniobras con veh\u00edculos estrechos, miner\u00eda, YOKOHAMA tiene experiencia en todo.<\/p>\n<p>YOKOHAMA ha desarrollado sus avanzadas capacidades tecnol\u00f3gicas a lo largo de los a\u00f1os. Nuestros neum\u00e1ticos todoterreno son productos de alta calidad fabricados en instalaciones de producci\u00f3n integradas con un r\u00edgido control de calidad.<\/p>\n<p>Se pueden obtener todas las ventajas de estos neum\u00e1ticos todoterreno siguiendo las directrices proporcionadas por YOKOHAMA. P\u00f3ngase en contacto con su especialista YOKOHAMA para obtener m\u00e1s informaci\u00f3n, detalles y asesoramiento.<\/p>\n<\/div>\n<\/div><div class=\"bde-div-25899-116 bde-div\" data-animation=\"from-bot\">\n  \n  \n\t\n\n\n\n<img decoding=\"async\" class=\"bde-image2-25899-117 bde-image2\" src=\"https:\/\/www.yokohama.eu\/wp-content\/uploads\/2025\/07\/truck-and-bus.jpg\" alt=\"Neum\u00e1ticos todoterreno Yokohama\" loading=\"lazy\" srcset=\"https:\/\/www.yokohama.eu\/wp-content\/uploads\/2025\/07\/truck-and-bus.jpg 1500w, https:\/\/www.yokohama.eu\/wp-content\/uploads\/2025\/07\/truck-and-bus-227x300.jpg 227w, https:\/\/www.yokohama.eu\/wp-content\/uploads\/2025\/07\/truck-and-bus-774x1024.jpg 774w, https:\/\/www.yokohama.eu\/wp-content\/uploads\/2025\/07\/truck-and-bus-768x1016.jpg 768w, https:\/\/www.yokohama.eu\/wp-content\/uploads\/2025\/07\/truck-and-bus-1161x1536.jpg 1161w\" sizes=\"(max-width: 1500px) 100vw, 1500px\"><h3 class=\"bde-heading-25899-118 bde-heading\">\nTodoterreno<br>manual de neum\u00e1ticos\n<\/h3><div class=\"bde-button-25899-120 bde-button\">\n    \n                                    \n    \n    \n    \n    \n            \n                    \n            \n            \n\n    \n    \n    \n    \n    \n    <a class=\"breakdance-link button-atom button-atom--primary bde-button__button\" href=\"https:\/\/www.yokohama.eu\/wp-content\/uploads\/2025\/05\/YOKOHAMA_OTR_Handbook_2023.pdf\" target=\"_blank\" data-type=\"url\"  >\n\n    \n        <span class=\"button-atom__text\">Descargar<\/span>\n\n        \n        \n                <\/a>\n\n    \n\n\n<\/div>\n<\/div><\/div>\n<\/section><\/div>","protected":false},"excerpt":{"rendered":"<p>Home \/ Off-the-Road Off-the-Road Tyres YOKOHAMA is the only manufacturer in the world that custom-builds tyres to meet the most demanding needs of\u00a0 individual businesses\u00a0 operating in the harshest of environments.\u00a0 Industrial, heavy loads, tight vehicle manoeuvres, mining, YOKOHAMA has the expertise in all. YOKOHAMA has built its advanced technological capabilities over the years. Our [&hellip;]<\/p>\n","protected":false},"author":1,"featured_media":0,"parent":0,"menu_order":15,"comment_status":"closed","ping_status":"closed","template":"","meta":{"_acf_changed":false,"_breakdance_hide_in_design_set":false,"_breakdance_tags":"","footnotes":""},"class_list":["post-25899","page","type-page","status-publish","hentry"],"acf":[],"yoast_head":"<!-- This site is optimized with the Yoast SEO plugin v27.0 - https:\/\/yoast.com\/product\/yoast-seo-wordpress\/ -->\n<title>Off-the-Road Tyres Catalogue | Yokohama<\/title>\n<meta name=\"description\" content=\"Discover the Yokohama Off-the-Road tyres catalogue with a wide selection of products designed for different vehicles and applications.\" \/>\n<meta name=\"robots\" content=\"index, follow, max-snippet:-1, max-image-preview:large, max-video-preview:-1\" \/>\n<link rel=\"canonical\" href=\"https:\/\/www.yokohama.eu\/es\/neumaticos-todoterreno\/\" \/>\n<meta property=\"og:locale\" content=\"es_ES\" \/>\n<meta property=\"og:type\" content=\"article\" \/>\n<meta property=\"og:title\" content=\"Off-the-Road Tyres Catalogue | Yokohama\" \/>\n<meta property=\"og:description\" content=\"Discover the Yokohama Off-the-Road tyres catalogue with a wide selection of products designed for different vehicles and applications.\" \/>\n<meta property=\"og:url\" content=\"https:\/\/www.yokohama.eu\/es\/neumaticos-todoterreno\/\" \/>\n<meta property=\"og:site_name\" content=\"Yokohama\" \/>\n<meta property=\"article:modified_time\" content=\"2025-08-27T14:58:40+00:00\" \/>\n<meta name=\"twitter:card\" content=\"summary_large_image\" \/>\n<meta name=\"twitter:label1\" content=\"Tiempo de lectura\" \/>\n\t<meta name=\"twitter:data1\" content=\"1 minuto\" \/>\n<script type=\"application\/ld+json\" class=\"yoast-schema-graph\">{\"@context\":\"https:\/\/schema.org\",\"@graph\":[{\"@type\":\"WebPage\",\"@id\":\"https:\/\/www.yokohama.eu\/off-the-road-tyres\/\",\"url\":\"https:\/\/www.yokohama.eu\/off-the-road-tyres\/\",\"name\":\"Off-the-Road Tyres Catalogue | Yokohama\",\"isPartOf\":{\"@id\":\"https:\/\/www.yokohama.eu\/#website\"},\"datePublished\":\"2025-07-18T16:07:04+00:00\",\"dateModified\":\"2025-08-27T14:58:40+00:00\",\"description\":\"Discover the Yokohama Off-the-Road tyres catalogue with a wide selection of products designed for different vehicles and applications.\",\"breadcrumb\":{\"@id\":\"https:\/\/www.yokohama.eu\/off-the-road-tyres\/#breadcrumb\"},\"inLanguage\":\"es\",\"potentialAction\":[{\"@type\":\"ReadAction\",\"target\":[\"https:\/\/www.yokohama.eu\/off-the-road-tyres\/\"]}]},{\"@type\":\"BreadcrumbList\",\"@id\":\"https:\/\/www.yokohama.eu\/off-the-road-tyres\/#breadcrumb\",\"itemListElement\":[{\"@type\":\"ListItem\",\"position\":1,\"name\":\"Home\",\"item\":\"https:\/\/www.yokohama.eu\/\"},{\"@type\":\"ListItem\",\"position\":2,\"name\":\"Off-the-Road\"}]},{\"@type\":\"WebSite\",\"@id\":\"https:\/\/www.yokohama.eu\/#website\",\"url\":\"https:\/\/www.yokohama.eu\/\",\"name\":\"Yokohama\",\"description\":\"\",\"potentialAction\":[{\"@type\":\"SearchAction\",\"target\":{\"@type\":\"EntryPoint\",\"urlTemplate\":\"https:\/\/www.yokohama.eu\/?s={search_term_string}\"},\"query-input\":{\"@type\":\"PropertyValueSpecification\",\"valueRequired\":true,\"valueName\":\"search_term_string\"}}],\"inLanguage\":\"es\"}]}<\/script>\n<!-- \/ Yoast SEO plugin. -->","yoast_head_json":{"title":"Cat\u00e1logo de neum\u00e1ticos todoterreno | Yokohama","description":"Descubra el cat\u00e1logo de neum\u00e1ticos Yokohama Off-the-Road con una amplia selecci\u00f3n de productos dise\u00f1ados para diferentes veh\u00edculos y aplicaciones.","robots":{"index":"index","follow":"follow","max-snippet":"max-snippet:-1","max-image-preview":"max-image-preview:large","max-video-preview":"max-video-preview:-1"},"canonical":"https:\/\/www.yokohama.eu\/es\/neumaticos-todoterreno\/","og_locale":"es_ES","og_type":"article","og_title":"Off-the-Road Tyres Catalogue | Yokohama","og_description":"Discover the Yokohama Off-the-Road tyres catalogue with a wide selection of products designed for different vehicles and applications.","og_url":"https:\/\/www.yokohama.eu\/es\/neumaticos-todoterreno\/","og_site_name":"Yokohama","article_modified_time":"2025-08-27T14:58:40+00:00","twitter_card":"summary_large_image","twitter_misc":{"Tiempo de lectura":"1 minuto"},"schema":{"@context":"https:\/\/schema.org","@graph":[{"@type":"WebPage","@id":"https:\/\/www.yokohama.eu\/off-the-road-tyres\/","url":"https:\/\/www.yokohama.eu\/off-the-road-tyres\/","name":"Cat\u00e1logo de neum\u00e1ticos todoterreno | Yokohama","isPartOf":{"@id":"https:\/\/www.yokohama.eu\/#website"},"datePublished":"2025-07-18T16:07:04+00:00","dateModified":"2025-08-27T14:58:40+00:00","description":"Descubra el cat\u00e1logo de neum\u00e1ticos Yokohama Off-the-Road con una amplia selecci\u00f3n de productos dise\u00f1ados para diferentes veh\u00edculos y aplicaciones.","breadcrumb":{"@id":"https:\/\/www.yokohama.eu\/off-the-road-tyres\/#breadcrumb"},"inLanguage":"es","potentialAction":[{"@type":"ReadAction","target":["https:\/\/www.yokohama.eu\/off-the-road-tyres\/"]}]},{"@type":"BreadcrumbList","@id":"https:\/\/www.yokohama.eu\/off-the-road-tyres\/#breadcrumb","itemListElement":[{"@type":"ListItem","position":1,"name":"Home","item":"https:\/\/www.yokohama.eu\/"},{"@type":"ListItem","position":2,"name":"Off-the-Road"}]},{"@type":"WebSite","@id":"https:\/\/www.yokohama.eu\/#website","url":"https:\/\/www.yokohama.eu\/","name":"Yokohama","description":"","potentialAction":[{"@type":"SearchAction","target":{"@type":"EntryPoint","urlTemplate":"https:\/\/www.yokohama.eu\/?s={search_term_string}"},"query-input":{"@type":"PropertyValueSpecification","valueRequired":true,"valueName":"search_term_string"}}],"inLanguage":"es"}]}},"_links":{"self":[{"href":"https:\/\/www.yokohama.eu\/es\/wp-json\/wp\/v2\/pages\/25899","targetHints":{"allow":["GET"]}}],"collection":[{"href":"https:\/\/www.yokohama.eu\/es\/wp-json\/wp\/v2\/pages"}],"about":[{"href":"https:\/\/www.yokohama.eu\/es\/wp-json\/wp\/v2\/types\/page"}],"author":[{"embeddable":true,"href":"https:\/\/www.yokohama.eu\/es\/wp-json\/wp\/v2\/users\/1"}],"replies":[{"embeddable":true,"href":"https:\/\/www.yokohama.eu\/es\/wp-json\/wp\/v2\/comments?post=25899"}],"version-history":[{"count":0,"href":"https:\/\/www.yokohama.eu\/es\/wp-json\/wp\/v2\/pages\/25899\/revisions"}],"wp:attachment":[{"href":"https:\/\/www.yokohama.eu\/es\/wp-json\/wp\/v2\/media?parent=25899"}],"curies":[{"name":"wp","href":"https:\/\/api.w.org\/{rel}","templated":true}]}}