{"id":31,"date":"2025-03-25T14:41:13","date_gmt":"2025-03-25T14:41:13","guid":{"rendered":"https:\/\/yokohama.demo.mybeautifuldomain.com\/?page_id=31"},"modified":"2025-09-23T07:11:03","modified_gmt":"2025-09-23T07:11:03","slug":"carrera","status":"publish","type":"page","link":"https:\/\/www.yokohama.eu\/es\/career\/","title":{"rendered":"Carrera profesional"},"content":{"rendered":"<div class='breakdance'><section id=\"overview\" class=\"bde-section-31-100 bde-section intro\" data-gsap=\"true\" data-scrolltrigger=\"false\">\n  \n  \n\t\n\n\n\n<div class=\"section-container\"><img decoding=\"async\" class=\"bde-image2-31-106 bde-image2\" src=\"https:\/\/www.yokohama.eu\/wp-content\/uploads\/2025\/03\/image-3.jpg\" alt=\"Entorno empresarial\" loading=\"lazy\" srcset=\"https:\/\/www.yokohama.eu\/wp-content\/uploads\/2025\/03\/image-3.jpg 2160w, https:\/\/www.yokohama.eu\/wp-content\/uploads\/2025\/03\/image-3-300x186.jpg 300w, https:\/\/www.yokohama.eu\/wp-content\/uploads\/2025\/03\/image-3-1024x634.jpg 1024w, https:\/\/www.yokohama.eu\/wp-content\/uploads\/2025\/03\/image-3-768x476.jpg 768w, https:\/\/www.yokohama.eu\/wp-content\/uploads\/2025\/03\/image-3-1536x951.jpg 1536w, https:\/\/www.yokohama.eu\/wp-content\/uploads\/2025\/03\/image-3-2048x1269.jpg 2048w\" sizes=\"(max-width: 2160px) 100vw, 2160px\"><div class=\"bde-shortcode-31-121 bde-shortcode white breadcrumbs__wrap\"><nav class=\"breadcrumbs\" aria-label=\"Migas de pan\"><a class=\"breadcrumbs__link breadcrumbs__link--home\" href=\"https:\/\/www.yokohama.eu\/es\/\">Inicio<\/a><span class=\"breadcrumbs__separator\"> \/ <\/span><span class=\"breadcrumbs__current\">Carrera profesional<\/span><\/nav><\/div><h1 class=\"bde-heading-31-103 bde-heading\" data-animation=\"from-bot\" data-slice=\"true\">\nHaga crecer su carrera con nosotros\n<\/h1><div class=\"bde-text-31-104 bde-text\" data-animation=\"from-bot\" data-slice=\"true\">\nDesarrolle su carrera en nuestras filiales europeas y \u00fanase a un equipo din\u00e1mico y orientado al futuro.\n<\/div><div class=\"bde-button-31-107 bde-button\" data-animation=\"from-bot\">\n    \n                                    \n    \n    \n    \n    \n            \n                    \n            \n            \n\n    \n    \n    \n    \n    \n    <a class=\"breakdance-link button-atom button-atom--primary bde-button__button\" href=\"#positions\" target=\"_self\" data-type=\"url\"  >\n\n    \n        <span class=\"button-atom__text\">Ver puestos vacantes<\/span>\n\n        \n        \n                <\/a>\n\n    \n\n\n<\/div><div class=\"bde-globalblock-31-166 bde-globalblock is--script-fullh-video\"><div class='breakdance'><div class=\"bde-code-block-948-100-948-1 bde-code-block intro__video--control bde-code-block-948-100\">\n\n  <div class=\"intro__video--control--icon\">\n<\/div>\n\n\n<\/div><\/div><\/div><\/div>\n<\/section><section class=\"bde-section-31-108 bde-section\" data-gsap=\"true\" data-scrolltrigger=\"true\">\n  \n  \n\t\n\n\n\n<div class=\"section-container\"><h2 class=\"bde-heading-31-110 bde-heading logo-heading\" data-animation=\"from-bot\" data-timeline=\"true\">\n\u00bfPor qu\u00e9 unirse a Yokohama?\n<\/h2><div class=\"bde-div-31-112 bde-div\" data-animation=\"from-bot\" data-animation-inside=\"true\">\n  \n  \n\t\n\n\n\n<div class=\"bde-div-31-113 bde-div\">\n  \n  \n\t\n\n\n\n<img decoding=\"async\" class=\"bde-image2-31-116 bde-image2\" src=\"https:\/\/www.yokohama.eu\/wp-content\/uploads\/2025\/08\/Stability-and-long-term-vision_x2.png\" alt=\"Yokohama ofrece estabilidad y visi\u00f3n a largo plazo\" loading=\"lazy\" srcset=\"https:\/\/www.yokohama.eu\/wp-content\/uploads\/2025\/08\/Stability-and-long-term-vision_x2.png 1120w, https:\/\/www.yokohama.eu\/wp-content\/uploads\/2025\/08\/Stability-and-long-term-vision_x2-768x549.png 768w\" sizes=\"(max-width: 1120px) 100vw, 1120px\"><h3 class=\"bde-heading-31-114 bde-heading\">\nEstabilidad y visi\u00f3n a largo plazo\n<\/h3><div class=\"bde-text-31-115 bde-text\">\nValoramos la lealtad y el compromiso a largo plazo, proporcionando un entorno estable y de apoyo para el crecimiento de su carrera.\n<\/div>\n<\/div><div class=\"bde-div-31-117 bde-div\">\n  \n  \n\t\n\n\n\n<img decoding=\"async\" class=\"bde-image2-31-118 bde-image2\" src=\"https:\/\/www.yokohama.eu\/wp-content\/uploads\/2025\/08\/People-first-culture_x2.png\" alt=\"Yokohama apoya la cultura de &quot;las personas primero\" loading=\"lazy\" srcset=\"https:\/\/www.yokohama.eu\/wp-content\/uploads\/2025\/08\/People-first-culture_x2.png 1584w, https:\/\/www.yokohama.eu\/wp-content\/uploads\/2025\/08\/People-first-culture_x2-768x388.png 768w, https:\/\/www.yokohama.eu\/wp-content\/uploads\/2025\/08\/People-first-culture_x2-1536x776.png 1536w\" sizes=\"(max-width: 1584px) 100vw, 1584px\"><h3 class=\"bde-heading-31-119 bde-heading\">\nCultura centrada en las personas\n<\/h3><div class=\"bde-text-31-120 bde-text\">\nNos preocupamos por nuestros empleados, ofreci\u00e9ndoles bonificaciones en toda la empresa, asistencia sanitaria, transporte y programas de bienestar.\n<\/div>\n<\/div><div class=\"bde-div-31-122 bde-div\">\n  \n  \n\t\n\n\n\n<img decoding=\"async\" class=\"bde-image2-31-123 bde-image2\" src=\"https:\/\/www.yokohama.eu\/wp-content\/uploads\/2025\/08\/Innovation-driven-environment_x2.png\" alt=\"Entorno impulsado por la innovaci\u00f3n en Yokohama\" loading=\"lazy\" srcset=\"https:\/\/www.yokohama.eu\/wp-content\/uploads\/2025\/08\/Innovation-driven-environment_x2.png 1584w, https:\/\/www.yokohama.eu\/wp-content\/uploads\/2025\/08\/Innovation-driven-environment_x2-768x388.png 768w, https:\/\/www.yokohama.eu\/wp-content\/uploads\/2025\/08\/Innovation-driven-environment_x2-1536x776.png 1536w\" sizes=\"(max-width: 1584px) 100vw, 1584px\"><h3 class=\"bde-heading-31-124 bde-heading\">\nEntorno impulsado por la innovaci\u00f3n\n<\/h3><div class=\"bde-text-31-125 bde-text\">\nTrabaje en una empresa centrada en la innovaci\u00f3n, que utiliza tecnolog\u00eda avanzada para ayudar a dar forma a soluciones de neum\u00e1ticos l\u00edderes en el sector.\n<\/div>\n<\/div><div class=\"bde-div-31-126 bde-div\">\n  \n  \n\t\n\n\n\n<img decoding=\"async\" class=\"bde-image2-31-127 bde-image2\" src=\"https:\/\/www.yokohama.eu\/wp-content\/uploads\/2025\/08\/Global-opportunities_x2.png\" alt=\"Oportunidades profesionales globales en Yokohama\" loading=\"lazy\" srcset=\"https:\/\/www.yokohama.eu\/wp-content\/uploads\/2025\/08\/Global-opportunities_x2.png 1120w, https:\/\/www.yokohama.eu\/wp-content\/uploads\/2025\/08\/Global-opportunities_x2-768x549.png 768w\" sizes=\"(max-width: 1120px) 100vw, 1120px\"><h3 class=\"bde-heading-31-128 bde-heading\">\nOportunidades globales\n<\/h3><div class=\"bde-text-31-129 bde-text\">\n\u00danase a una empresa l\u00edder mundial en neum\u00e1ticos con equipos y oficinas repartidos por Europa y por todo el mundo.<br><br>\n<\/div>\n<\/div>\n<\/div><\/div>\n<\/section><section class=\"bde-section-31-130 bde-section\" data-gsap=\"true\" data-scrolltrigger=\"true\">\n  \n  \n\t\n\n\n\n<div class=\"section-container\"><div class=\"bde-code-block-31-167 bde-code-block\">\n\n\n\n<\/div><div id=\"positions\" class=\"bde-div-31-164 bde-div is--anchor\">\n  \n  \n\t\n\n\n\n\n<\/div><h2 class=\"bde-heading-31-131 bde-heading logo-heading\" data-animation=\"from-bot\" data-timeline=\"true\">\n\u00danete a nuestro equipo: oportunidades profesionales\n<\/h2><div class=\"bde-text-31-149 bde-text\" data-animation=\"from-bot\" data-slice=\"true\">\nExplore los interesantes puestos de Yokohama y \u00fanase a un equipo global que impulsa la innovaci\u00f3n y la excelencia. Ofrecemos trayectorias profesionales significativas que fomentan el crecimiento y el desarrollo, respaldadas por una cultura de apoyo, aprendizaje y oportunidades.\n<\/div><div class=\"bde-div-31-150 bde-div\" data-animation=\"from-bot\">\n  \n  \n\t\n\n\n\n<div class=\"bde-code-block-31-152 bde-code-block\">\n\n  3 open roles\n\n\n<\/div><div class=\"bde-div-31-157 bde-div\">\n  \n  \n\t\n\n\n\n<div class=\"bde-text-31-158 bde-text\">\nPapel\n<\/div><div class=\"bde-text-31-159 bde-text\">\nUbicaci\u00f3n\n<\/div><div class=\"bde-text-31-160 bde-text\">\nTipo\n<\/div>\n<\/div><div class=\"bde-post-loop-31-153 bde-post-loop facetwp-template\"><div class=\"bde-loop bde-loop-list ee-posts ee-posts-list\">    <article class=\"bde-loop-item ee-post\">\n        <div class='breakdance'><a class=\"bde-container-link-242-101-59329-242-1 bde-container-link bde-container-link-242-101 breakdance-link\" href=\"https:\/\/www.yokohama.eu\/es\/career\/finance-junior-analyst\/\" target=\"_self\" data-type=\"url\">\n  \n  \n\t\n\n\n\n<div class=\"bde-text-242-102-59329-242-1 bde-text bde-text-242-102\">\nFinance Junior Analyst\n<\/div><div class=\"bde-text-242-103-59329-242-1 bde-text career__info location bde-text-242-103\">\nMil\u00e1n\n<\/div><div class=\"bde-text-242-104-59329-242-1 bde-text career__info type bde-text-242-104\">\nBecario\n<\/div>\n\n<\/a><\/div>    <\/article>\n    <article class=\"bde-loop-item ee-post\">\n        <div class='breakdance'><a class=\"bde-container-link-242-101-59160-242-1 bde-container-link bde-container-link-242-101 breakdance-link\" href=\"https:\/\/www.yokohama.eu\/es\/career\/vertriebsmitarbeiter-gebietsleiter-m-w-d\/\" target=\"_self\" data-type=\"url\">\n  \n  \n\t\n\n\n\n<div class=\"bde-text-242-102-59160-242-1 bde-text bde-text-242-102\">\nVertriebsmitarbeiter \/ Gebietsleiter (m\/w\/d)\n<\/div><div class=\"bde-text-242-103-59160-242-1 bde-text career__info location bde-text-242-103\">\nGermany (remote)\n<\/div><div class=\"bde-text-242-104-59160-242-1 bde-text career__info type bde-text-242-104\">\nPermanent Contract\n<\/div>\n\n<\/a><\/div>    <\/article>\n    <article class=\"bde-loop-item ee-post\">\n        <div class='breakdance'><a class=\"bde-container-link-242-101-59058-242-1 bde-container-link bde-container-link-242-101 breakdance-link\" href=\"https:\/\/www.yokohama.eu\/es\/career\/ict-application-specialist-2\/\" target=\"_self\" data-type=\"url\">\n  \n  \n\t\n\n\n\n<div class=\"bde-text-242-102-59058-242-1 bde-text bde-text-242-102\">\nICT Application Specialist\n<\/div><div class=\"bde-text-242-103-59058-242-1 bde-text career__info location bde-text-242-103\">\nMilano (hybrid model)\n<\/div><div class=\"bde-text-242-104-59058-242-1 bde-text career__info type bde-text-242-104\">\nPermanent Contract\n<\/div>\n\n<\/a><\/div>    <\/article>\n<\/div>\r\n<\/div><div class=\"bde-div-31-155 bde-div\">\n  \n  \n\t\n\n\n\n<div class=\"bde-code-block-31-161 bde-code-block facetwp__per-page\">\n\n  <span class=\"facetwp-label\">Art\u00edculos por p\u00e1gina<\/span>\n<div class=\"facetwp-facet facetwp-facet-career_per_page facetwp-type-pager\" data-name=\"career_per_page\" data-type=\"pager\"><\/div>\n\n\n<\/div><div class=\"bde-shortcode-31-163 bde-shortcode facetwp__pagination\"><div class=\"facetwp-facet facetwp-facet-pagination_career facetwp-type-pager\" data-name=\"pagination_career\" data-type=\"pager\"><\/div><\/div>\n<\/div>\n<\/div><\/div>\n<\/section><\/div>","protected":false},"excerpt":{"rendered":"<p>Home \/ Career Grow your career with us Pursue your career across our European subsidiaries and join a dynamic, future-focused team. View Open Positions Why join Yokohama? Stability and long-term vision We value loyalty and long-term commitment, providing a stable, supportive environment for your career growth. People-first culture We care about our employees, providing company-wide [&hellip;]<\/p>\n","protected":false},"author":1,"featured_media":0,"parent":0,"menu_order":9,"comment_status":"closed","ping_status":"closed","template":"","meta":{"_acf_changed":false,"_breakdance_hide_in_design_set":false,"_breakdance_tags":"","footnotes":""},"class_list":["post-31","page","type-page","status-publish","hentry"],"acf":[],"yoast_head":"<!-- This site is optimized with the Yoast SEO plugin v27.0 - https:\/\/yoast.com\/product\/yoast-seo-wordpress\/ -->\n<title>Careers at Yokohama. Join Our Global Team<\/title>\n<meta name=\"description\" content=\"Grow your career with Yokohama. Explore job openings across Europe, join a supportive team, and help shape the future of tyre innovation and mobility.\" \/>\n<meta name=\"robots\" content=\"index, follow, max-snippet:-1, max-image-preview:large, max-video-preview:-1\" \/>\n<link rel=\"canonical\" href=\"https:\/\/www.yokohama.eu\/es\/carrera\/\" \/>\n<meta property=\"og:locale\" content=\"es_ES\" \/>\n<meta property=\"og:type\" content=\"article\" \/>\n<meta property=\"og:title\" content=\"Careers at Yokohama. Join Our Global Team\" \/>\n<meta property=\"og:description\" content=\"Grow your career with Yokohama. Explore job openings across Europe, join a supportive team, and help shape the future of tyre innovation and mobility.\" \/>\n<meta property=\"og:url\" content=\"https:\/\/www.yokohama.eu\/es\/carrera\/\" \/>\n<meta property=\"og:site_name\" content=\"Yokohama\" \/>\n<meta property=\"article:modified_time\" content=\"2025-09-23T07:11:03+00:00\" \/>\n<meta name=\"twitter:card\" content=\"summary_large_image\" \/>\n<meta name=\"twitter:label1\" content=\"Tiempo de lectura\" \/>\n\t<meta name=\"twitter:data1\" content=\"2 minutos\" \/>\n<script type=\"application\/ld+json\" class=\"yoast-schema-graph\">{\"@context\":\"https:\/\/schema.org\",\"@graph\":[{\"@type\":\"WebPage\",\"@id\":\"https:\/\/www.yokohama.eu\/career\/\",\"url\":\"https:\/\/www.yokohama.eu\/career\/\",\"name\":\"Careers at Yokohama. Join Our Global Team\",\"isPartOf\":{\"@id\":\"https:\/\/www.yokohama.eu\/#website\"},\"datePublished\":\"2025-03-25T14:41:13+00:00\",\"dateModified\":\"2025-09-23T07:11:03+00:00\",\"description\":\"Grow your career with Yokohama. Explore job openings across Europe, join a supportive team, and help shape the future of tyre innovation and mobility.\",\"breadcrumb\":{\"@id\":\"https:\/\/www.yokohama.eu\/career\/#breadcrumb\"},\"inLanguage\":\"es\",\"potentialAction\":[{\"@type\":\"ReadAction\",\"target\":[\"https:\/\/www.yokohama.eu\/career\/\"]}]},{\"@type\":\"BreadcrumbList\",\"@id\":\"https:\/\/www.yokohama.eu\/career\/#breadcrumb\",\"itemListElement\":[{\"@type\":\"ListItem\",\"position\":1,\"name\":\"Home\",\"item\":\"https:\/\/www.yokohama.eu\/\"},{\"@type\":\"ListItem\",\"position\":2,\"name\":\"Career\"}]},{\"@type\":\"WebSite\",\"@id\":\"https:\/\/www.yokohama.eu\/#website\",\"url\":\"https:\/\/www.yokohama.eu\/\",\"name\":\"Yokohama\",\"description\":\"\",\"potentialAction\":[{\"@type\":\"SearchAction\",\"target\":{\"@type\":\"EntryPoint\",\"urlTemplate\":\"https:\/\/www.yokohama.eu\/?s={search_term_string}\"},\"query-input\":{\"@type\":\"PropertyValueSpecification\",\"valueRequired\":true,\"valueName\":\"search_term_string\"}}],\"inLanguage\":\"es\"}]}<\/script>\n<!-- \/ Yoast SEO plugin. -->","yoast_head_json":{"title":"Carreras profesionales en Yokohama. \u00danete a nuestro equipo global","description":"Haz crecer tu carrera con Yokohama. Explora las ofertas de empleo en toda Europa, \u00fanete a un equipo solidario y ayuda a dar forma al futuro de la innovaci\u00f3n y la movilidad de los neum\u00e1ticos.","robots":{"index":"index","follow":"follow","max-snippet":"max-snippet:-1","max-image-preview":"max-image-preview:large","max-video-preview":"max-video-preview:-1"},"canonical":"https:\/\/www.yokohama.eu\/es\/carrera\/","og_locale":"es_ES","og_type":"article","og_title":"Careers at Yokohama. Join Our Global Team","og_description":"Grow your career with Yokohama. Explore job openings across Europe, join a supportive team, and help shape the future of tyre innovation and mobility.","og_url":"https:\/\/www.yokohama.eu\/es\/carrera\/","og_site_name":"Yokohama","article_modified_time":"2025-09-23T07:11:03+00:00","twitter_card":"summary_large_image","twitter_misc":{"Tiempo de lectura":"2 minutos"},"schema":{"@context":"https:\/\/schema.org","@graph":[{"@type":"WebPage","@id":"https:\/\/www.yokohama.eu\/career\/","url":"https:\/\/www.yokohama.eu\/career\/","name":"Carreras profesionales en Yokohama. \u00danete a nuestro equipo global","isPartOf":{"@id":"https:\/\/www.yokohama.eu\/#website"},"datePublished":"2025-03-25T14:41:13+00:00","dateModified":"2025-09-23T07:11:03+00:00","description":"Haz crecer tu carrera con Yokohama. Explora las ofertas de empleo en toda Europa, \u00fanete a un equipo solidario y ayuda a dar forma al futuro de la innovaci\u00f3n y la movilidad de los neum\u00e1ticos.","breadcrumb":{"@id":"https:\/\/www.yokohama.eu\/career\/#breadcrumb"},"inLanguage":"es","potentialAction":[{"@type":"ReadAction","target":["https:\/\/www.yokohama.eu\/career\/"]}]},{"@type":"BreadcrumbList","@id":"https:\/\/www.yokohama.eu\/career\/#breadcrumb","itemListElement":[{"@type":"ListItem","position":1,"name":"Home","item":"https:\/\/www.yokohama.eu\/"},{"@type":"ListItem","position":2,"name":"Career"}]},{"@type":"WebSite","@id":"https:\/\/www.yokohama.eu\/#website","url":"https:\/\/www.yokohama.eu\/","name":"Yokohama","description":"","potentialAction":[{"@type":"SearchAction","target":{"@type":"EntryPoint","urlTemplate":"https:\/\/www.yokohama.eu\/?s={search_term_string}"},"query-input":{"@type":"PropertyValueSpecification","valueRequired":true,"valueName":"search_term_string"}}],"inLanguage":"es"}]}},"_links":{"self":[{"href":"https:\/\/www.yokohama.eu\/es\/wp-json\/wp\/v2\/pages\/31","targetHints":{"allow":["GET"]}}],"collection":[{"href":"https:\/\/www.yokohama.eu\/es\/wp-json\/wp\/v2\/pages"}],"about":[{"href":"https:\/\/www.yokohama.eu\/es\/wp-json\/wp\/v2\/types\/page"}],"author":[{"embeddable":true,"href":"https:\/\/www.yokohama.eu\/es\/wp-json\/wp\/v2\/users\/1"}],"replies":[{"embeddable":true,"href":"https:\/\/www.yokohama.eu\/es\/wp-json\/wp\/v2\/comments?post=31"}],"version-history":[{"count":1,"href":"https:\/\/www.yokohama.eu\/es\/wp-json\/wp\/v2\/pages\/31\/revisions"}],"predecessor-version":[{"id":48281,"href":"https:\/\/www.yokohama.eu\/es\/wp-json\/wp\/v2\/pages\/31\/revisions\/48281"}],"wp:attachment":[{"href":"https:\/\/www.yokohama.eu\/es\/wp-json\/wp\/v2\/media?parent=31"}],"curies":[{"name":"wp","href":"https:\/\/api.w.org\/{rel}","templated":true}]}}