{"id":1050,"date":"2025-04-15T10:10:56","date_gmt":"2025-04-15T10:10:56","guid":{"rendered":"https:\/\/yokohama.demo.mybeautifuldomain.com\/?page_id=1050"},"modified":"2025-10-16T10:38:39","modified_gmt":"2025-10-16T10:38:39","slug":"comparaison","status":"publish","type":"page","link":"https:\/\/www.yokohama.eu\/fr\/comparison\/","title":{"rendered":"R\u00e9sultats de la comparaison"},"content":{"rendered":"<div class='breakdance'><section class=\"bde-section-1050-100 bde-section\" data-gsap=\"true\" data-scrolltrigger=\"false\">\n  \n  \n\t\n\n\n\n<div class=\"section-container\"><div class=\"bde-shortcode-1050-102 bde-shortcode breadcrumbs__wrap hide-home\"><nav class=\"breadcrumbs\" aria-label=\"Breadcrumbs\"><a class=\"breadcrumbs__link breadcrumbs__link--home\" href=\"https:\/\/www.yokohama.eu\/fr\/\">Home<\/a><span class=\"breadcrumbs__separator\"> \/ <\/span><span class=\"breadcrumbs__current\">Comparison Results<\/span><\/nav><\/div><div class=\"bde-div-1050-103 bde-div\">\n  \n  \n\t\n\n\n\n<h1 class=\"bde-heading-1050-104 bde-heading tyre-page-heading\">\nComparison results\n<\/h1><a class=\"bde-text-link-1050-106 bde-text-link clear__comparison breakdance-link\" href=\"#\" target=\"_self\" data-type=\"url\">\n  Clear Comparison\n\n<\/a>\n<\/div><\/div>\n<\/section><section id=\"compare\" class=\"bde-section-1050-107 bde-section\">\n  \n  \n\t\n\n\n\n<div class=\"section-container\"><div class=\"bde-shortcode-1050-108 bde-shortcode\">    <script src=\"https:\/\/cdn.jsdelivr.net\/npm\/sticky-js@1.3.0\/dist\/sticky.min.js\"><\/script>\n    <script>\n        document.addEventListener('DOMContentLoaded', function () {\n            let comparison = JSON.parse(localStorage.getItem('comparison')) || [];\n            const wrapperEl = document.getElementById('comparison-wrapper');\n            const headerEl = wrapperEl?.querySelector('.comparison-header-row');\n            const contentEl = wrapperEl?.querySelector('.comparison-inner-content');\n\n            if (comparison.length === 0) {\n                wrapperEl.innerHTML = document.getElementById('comparison-empty').innerHTML;\n                wrapperEl.classList.add('comparison-empty');\n                return;\n            }\n\n            \/\/ Build URL with lsi parameters\n            let url = 'https:\/\/www.yokohama.eu\/wp-admin\/admin-ajax.php?action=get_comparison_items&ids=' + comparison.join(',');\n\n            \/\/ Add lsi parameters to the request\n            const lsiParams = [];\n            comparison.forEach(id => {\n                const storedLsi = localStorage.getItem('lsi_' + id);\n                if (storedLsi) {\n                    lsiParams.push('lsi_' + id + '=' + encodeURIComponent(storedLsi));\n                }\n            });\n\n            if (lsiParams.length > 0) {\n                url += '&' + lsiParams.join('&');\n            }\n\n            fetch(url)\n                .then(response => response.json())\n                .then(response => {\n                    if (!response.success) {\n                        console.error('Error:', response.data);\n                        return;\n                    }\n                    const data = response.data;\n\n                    if (headerEl) headerEl.innerHTML = data.header;\n                    if (contentEl) contentEl.innerHTML = data.content;\n\n                    \/\/ Add class for styling\n                    headerEl?.classList.add('sticky-comparison-header');\n\n                    \/\/ Create placeholder for sticky header\n                    const placeholder = document.createElement('div');\n                    placeholder.style.height = headerEl.offsetHeight + 'px';\n                    placeholder.style.display = 'none';\n                    placeholder.classList.add('sticky-placeholder');\n                    headerEl.after(placeholder); \/\/ Insert placeholder after header\n\n                    \/\/ Initialize sticky with parameters\n                    const sticky = new Sticky('.comparison-header-row', {\n                        marginTop: window.innerWidth <= 1023 ? 64 : 94,\n                        stickyClass: 'is-sticky',\n                    });\n\n                    \/\/ Update sticky and placeholder on window resize\n                    window.addEventListener('resize', () => {\n                        if (headerEl.classList.contains('is-sticky')) {\n                            placeholder.style.height = `${headerEl.offsetHeight}px`;\n                        }\n                        sticky.options.marginTop = window.innerWidth <= 1023 ? 64 : 94;\n                        sticky.update();\n                    });\n\n\n                })\n                .catch(error => {\n                    console.error('Error loading comparison data:', error);\n                });\n        });\n    <\/script>\n\n    <div id=\"comparison-wrapper\" class=\"comparison-list\">\n        <div class=\"comparison-header-row\"><\/div>\n        <div class=\"comparison-inner-content\"><\/div>\n    <\/div>\n\n    <div id=\"comparison-empty\" style=\"display: none;\">\n        <div class='breakdance'><div class=\"bde-div-1055-100-1055-1 bde-div bde-div-1055-100\">\n  \n  \n\t\n\n\n\n<div class=\"bde-icon-1055-103-1055-1 bde-icon bde-icon-1055-103\">\n\n    \n            <div class=\"bde-icon-icon breakdance-icon-atom\" >\n    \n                    <svg xmlns=\"http:\/\/www.w3.org\/2000\/svg\" width=\"72\" height=\"72\" viewBox=\"0 0 72 72\" fill=\"none\">\r\n<ellipse cx=\"34.3202\" cy=\"59.28\" rx=\"21.12\" ry=\"5.28\" fill=\"#E7EBEF\"\/>\r\n<mask id=\"path-2-outside-1_1208_67447\" maskUnits=\"userSpaceOnUse\" x=\"7.69727\" y=\"7.40039\" width=\"55\" height=\"55\" fill=\"black\">\r\n<rect fill=\"white\" x=\"7.69727\" y=\"7.40039\" width=\"55\" height=\"55\"\/>\r\n<path fill-rule=\"evenodd\" clip-rule=\"evenodd\" d=\"M33.6 8.40039C20.3452 8.40039 9.60003 19.1456 9.60003 32.4004C9.60003 45.6552 20.3452 56.4004 33.6 56.4004C39.3631 56.4004 44.6518 54.3691 48.7891 50.9834L58.3032 60.4975L61.6973 57.1034L52.1832 47.5893C55.5688 43.452 57.6 38.1634 57.6 32.4004C57.6 19.1456 46.8549 8.40039 33.6 8.40039ZM14.4 32.4004C14.4 21.7965 22.9962 13.2004 33.6 13.2004C44.2039 13.2004 52.8 21.7965 52.8 32.4004C52.8 43.0043 44.2039 51.6004 33.6 51.6004C22.9962 51.6004 14.4 43.0043 14.4 32.4004Z\"\/>\r\n<\/mask>\r\n<path fill-rule=\"evenodd\" clip-rule=\"evenodd\" d=\"M33.6 8.40039C20.3452 8.40039 9.60003 19.1456 9.60003 32.4004C9.60003 45.6552 20.3452 56.4004 33.6 56.4004C39.3631 56.4004 44.6518 54.3691 48.7891 50.9834L58.3032 60.4975L61.6973 57.1034L52.1832 47.5893C55.5688 43.452 57.6 38.1634 57.6 32.4004C57.6 19.1456 46.8549 8.40039 33.6 8.40039ZM14.4 32.4004C14.4 21.7965 22.9962 13.2004 33.6 13.2004C44.2039 13.2004 52.8 21.7965 52.8 32.4004C52.8 43.0043 44.2039 51.6004 33.6 51.6004C22.9962 51.6004 14.4 43.0043 14.4 32.4004Z\" fill=\"#BFC7D0\"\/>\r\n<path d=\"M48.7891 50.9834L48.1558 50.2095C48.5534 49.8841 49.1329 49.913 49.4962 50.2763L48.7891 50.9834ZM58.3032 60.4975L59.0103 61.2046C58.6197 61.5951 57.9866 61.5951 57.596 61.2046L58.3032 60.4975ZM61.6973 57.1034L62.4044 56.3963C62.5919 56.5838 62.6973 56.8382 62.6973 57.1034C62.6973 57.3686 62.5919 57.6229 62.4044 57.8105L61.6973 57.1034ZM52.1832 47.5893L51.4761 48.2964C51.1128 47.9331 51.0839 47.3536 51.4093 46.956L52.1832 47.5893ZM8.60003 32.4004C8.60003 18.5933 19.7929 7.40039 33.6 7.40039V9.40039C20.8975 9.40039 10.6 19.6978 10.6 32.4004H8.60003ZM33.6 57.4004C19.7929 57.4004 8.60003 46.2075 8.60003 32.4004H10.6C10.6 45.1029 20.8975 55.4004 33.6 55.4004V57.4004ZM49.4224 51.7573C45.113 55.2838 39.6023 57.4004 33.6 57.4004V55.4004C39.1239 55.4004 44.1906 53.4543 48.1558 50.2095L49.4224 51.7573ZM57.596 61.2046L48.082 51.6905L49.4962 50.2763L59.0103 59.7904L57.596 61.2046ZM62.4044 57.8105L59.0103 61.2046L57.596 59.7904L60.9902 56.3963L62.4044 57.8105ZM52.8903 46.8822L62.4044 56.3963L60.9902 57.8105L51.4761 48.2964L52.8903 46.8822ZM58.6 32.4004C58.6 38.4026 56.4835 43.9132 52.9571 48.2226L51.4093 46.956C54.654 42.9908 56.6 37.9242 56.6 32.4004H58.6ZM33.6 7.40039C47.4072 7.40039 58.6 18.5933 58.6 32.4004H56.6C56.6 19.6978 46.3026 9.40039 33.6 9.40039V7.40039ZM33.6 14.2004C23.5484 14.2004 15.4 22.3488 15.4 32.4004H13.4C13.4 21.2442 22.4439 12.2004 33.6 12.2004V14.2004ZM51.8 32.4004C51.8 22.3488 43.6516 14.2004 33.6 14.2004V12.2004C44.7562 12.2004 53.8 21.2442 53.8 32.4004H51.8ZM33.6 50.6004C43.6516 50.6004 51.8 42.452 51.8 32.4004H53.8C53.8 43.5565 44.7562 52.6004 33.6 52.6004V50.6004ZM15.4 32.4004C15.4 42.452 23.5484 50.6004 33.6 50.6004V52.6004C22.4439 52.6004 13.4 43.5565 13.4 32.4004H15.4Z\" fill=\"#8E97A4\" mask=\"url(#path-2-outside-1_1208_67447)\"\/>\r\n<ellipse cx=\"25.4398\" cy=\"32.64\" rx=\"2.64\" ry=\"2.64\" fill=\"#BFC7D0\"\/>\r\n<circle cx=\"34.3197\" cy=\"32.64\" r=\"2.64\" fill=\"#BFC7D0\"\/>\r\n<circle cx=\"43.1996\" cy=\"32.64\" r=\"2.64\" fill=\"#BFC7D0\"\/>\r\n<\/svg>\n        \n        \n        \n            <\/div>\n    \n\n\n<\/div><div class=\"bde-text-1055-101-1055-1 bde-text bde-text-1055-101\">\nYour comparison list is empty\n<\/div><div class=\"bde-text-1055-102-1055-1 bde-text bde-text-1055-102\">\nStart adding products to compare their features and benefits\n<\/div><div class=\"bde-button-1055-104-1055-1 bde-button btn-red bordered bde-button-1055-104\">\n    \n                                    \n    \n    \n    \n    \n            \n                    \n            \n            \n\n    \n    \n    \n    \n    \n    <a class=\"breakdance-link button-atom button-atom--primary bde-button__button\" href=\"https:\/\/www.yokohama.eu\/tyres\/\" target=\"_self\" data-type=\"url\"  >\n\n    \n        <span class=\"button-atom__text\">Back to Tyres Catalogue<\/span>\n\n        \n        \n                <\/a>\n\n    \n\n\n<\/div>\n<\/div><\/div>    <\/div>\n    <\/div><div class=\"bde-code-block-1050-109 bde-code-block\">\n\n  <script>\n  document.addEventListener('DOMContentLoaded', function () {\n    let comparison = JSON.parse(localStorage.getItem('comparison')) || [];\n\n    if (comparison.length === 0) {\n      document.getElementById('comparison-content').innerHTML = document.getElementById('comparison-empty').innerHTML;\n      return;\n    }\n\n    fetch('https:\/\/www.yokohama.eu\/wp-admin\/admin-ajax.php?action=get_comparison_items&ids=' + comparison.join(','))\n      .then(response => response.text())\n      .then(html => {\nconst accordionTitles = document.querySelectorAll('.accordion-title');\naccordionTitles.forEach(title => {\n  title.classList.add('active');\n  const content = title.nextElementSibling;\n  content.style.maxHeight = content.scrollHeight + 'px';\n\n  title.addEventListener('click', function () {\n    this.classList.toggle('active');\n    const content = this.nextElementSibling;\n\n    if (this.classList.contains('active')) {\n      content.style.maxHeight = content.scrollHeight + 'px';\n    } else {\n      content.style.maxHeight = '0';\n    }\n  });\n});\n\n        const differencesToggle = document.getElementById('show-differences');\n        if (differencesToggle) {\n          differencesToggle.addEventListener('change', function () {\n            filterDifferences(this.checked);\n          });\n        }\n      });\n\n    function filterDifferences(showDifferences) {\n      const allRows = document.querySelectorAll('.accordion-content .row');\n\n      allRows.forEach(row => {\n        const values = Array.from(row.querySelectorAll('.value')).map(el => el.textContent.trim());\n        const allSame = values.every(val => val === values[0]);\n\n        if (showDifferences) {\n          row.style.display = allSame ? 'none' : 'grid';\n        } else {\n          row.style.display = 'grid';\n        }\n      });\n    }\n  });\n<\/script>\n  \n  \n<script>\ndocument.addEventListener('DOMContentLoaded', function () {\n  document.addEventListener('click', function (e) {\n  if (e.target.classList.contains('remove-from-comparison')) {\n    const id = e.target.dataset.id;\n    let stored = JSON.parse(localStorage.getItem('comparison') || '[]');\n    stored = stored.filter(item => item != id);\n    localStorage.setItem('comparison', JSON.stringify(stored));\n    location.reload();\n  }\n});\n\n  const clearBtn = document.querySelector('.clear__comparison');\n  if (clearBtn) {\n    clearBtn.addEventListener('click', function (e) {\n      e.preventDefault();\n      localStorage.removeItem('comparison');\n      location.reload();\n    });\n  }\n});\n<\/script>\n\n\n<\/div><\/div>\n<\/section><\/div>","protected":false},"excerpt":{"rendered":"<p>Home \/ Comparison Results Comparison results Clear Comparison Your comparison list is empty Start adding products to compare their features and benefits Back to Tyres Catalogue<\/p>","protected":false},"author":1,"featured_media":0,"parent":0,"menu_order":13,"comment_status":"closed","ping_status":"closed","template":"","meta":{"_acf_changed":false,"_breakdance_hide_in_design_set":false,"_breakdance_tags":"","footnotes":""},"class_list":["post-1050","page","type-page","status-publish","hentry"],"acf":[],"yoast_head":"<!-- This site is optimized with the Yoast SEO plugin v27.0 - https:\/\/yoast.com\/product\/yoast-seo-wordpress\/ -->\n<title>Comparison Results - Yokohama<\/title>\n<meta name=\"description\" content=\"Compare Yokohama tyres to find the best fit for your vehicle. Filter by size, type, and performance to make an informed choice.\" \/>\n<meta name=\"robots\" content=\"index, follow, max-snippet:-1, max-image-preview:large, max-video-preview:-1\" \/>\n<link rel=\"canonical\" href=\"https:\/\/www.yokohama.eu\/fr\/comparaison\/\" \/>\n<meta property=\"og:locale\" content=\"fr_FR\" \/>\n<meta property=\"og:type\" content=\"article\" \/>\n<meta property=\"og:title\" content=\"Comparison Results - Yokohama\" \/>\n<meta property=\"og:description\" content=\"Compare Yokohama tyres to find the best fit for your vehicle. Filter by size, type, and performance to make an informed choice.\" \/>\n<meta property=\"og:url\" content=\"https:\/\/www.yokohama.eu\/fr\/comparaison\/\" \/>\n<meta property=\"og:site_name\" content=\"Yokohama\" \/>\n<meta property=\"article:modified_time\" content=\"2025-10-16T10:38:39+00:00\" \/>\n<meta name=\"twitter:card\" content=\"summary_large_image\" \/>\n<meta name=\"twitter:label1\" content=\"Dur\u00e9e de lecture estim\u00e9e\" \/>\n\t<meta name=\"twitter:data1\" content=\"1 minute\" \/>\n<script type=\"application\/ld+json\" class=\"yoast-schema-graph\">{\"@context\":\"https:\/\/schema.org\",\"@graph\":[{\"@type\":\"WebPage\",\"@id\":\"https:\/\/www.yokohama.eu\/comparison\/\",\"url\":\"https:\/\/www.yokohama.eu\/comparison\/\",\"name\":\"Comparison Results - Yokohama\",\"isPartOf\":{\"@id\":\"https:\/\/www.yokohama.eu\/#website\"},\"datePublished\":\"2025-04-15T10:10:56+00:00\",\"dateModified\":\"2025-10-16T10:38:39+00:00\",\"description\":\"Compare Yokohama tyres to find the best fit for your vehicle. Filter by size, type, and performance to make an informed choice.\",\"breadcrumb\":{\"@id\":\"https:\/\/www.yokohama.eu\/comparison\/#breadcrumb\"},\"inLanguage\":\"fr-FR\",\"potentialAction\":[{\"@type\":\"ReadAction\",\"target\":[\"https:\/\/www.yokohama.eu\/comparison\/\"]}]},{\"@type\":\"BreadcrumbList\",\"@id\":\"https:\/\/www.yokohama.eu\/comparison\/#breadcrumb\",\"itemListElement\":[{\"@type\":\"ListItem\",\"position\":1,\"name\":\"Home\",\"item\":\"https:\/\/www.yokohama.eu\/\"},{\"@type\":\"ListItem\",\"position\":2,\"name\":\"Comparison Results\"}]},{\"@type\":\"WebSite\",\"@id\":\"https:\/\/www.yokohama.eu\/#website\",\"url\":\"https:\/\/www.yokohama.eu\/\",\"name\":\"Yokohama\",\"description\":\"\",\"potentialAction\":[{\"@type\":\"SearchAction\",\"target\":{\"@type\":\"EntryPoint\",\"urlTemplate\":\"https:\/\/www.yokohama.eu\/?s={search_term_string}\"},\"query-input\":{\"@type\":\"PropertyValueSpecification\",\"valueRequired\":true,\"valueName\":\"search_term_string\"}}],\"inLanguage\":\"fr-FR\"}]}<\/script>\n<!-- \/ Yoast SEO plugin. -->","yoast_head_json":{"title":"R\u00e9sultats de la comparaison - Yokohama","description":"Comparez les pneus Yokohama pour trouver celui qui convient le mieux \u00e0 votre v\u00e9hicule. Filtrez par taille, type et performance pour faire un choix \u00e9clair\u00e9.","robots":{"index":"index","follow":"follow","max-snippet":"max-snippet:-1","max-image-preview":"max-image-preview:large","max-video-preview":"max-video-preview:-1"},"canonical":"https:\/\/www.yokohama.eu\/fr\/comparaison\/","og_locale":"fr_FR","og_type":"article","og_title":"Comparison Results - Yokohama","og_description":"Compare Yokohama tyres to find the best fit for your vehicle. Filter by size, type, and performance to make an informed choice.","og_url":"https:\/\/www.yokohama.eu\/fr\/comparaison\/","og_site_name":"Yokohama","article_modified_time":"2025-10-16T10:38:39+00:00","twitter_card":"summary_large_image","twitter_misc":{"Dur\u00e9e de lecture estim\u00e9e":"1 minute"},"schema":{"@context":"https:\/\/schema.org","@graph":[{"@type":"WebPage","@id":"https:\/\/www.yokohama.eu\/comparison\/","url":"https:\/\/www.yokohama.eu\/comparison\/","name":"R\u00e9sultats de la comparaison - Yokohama","isPartOf":{"@id":"https:\/\/www.yokohama.eu\/#website"},"datePublished":"2025-04-15T10:10:56+00:00","dateModified":"2025-10-16T10:38:39+00:00","description":"Comparez les pneus Yokohama pour trouver celui qui convient le mieux \u00e0 votre v\u00e9hicule. Filtrez par taille, type et performance pour faire un choix \u00e9clair\u00e9.","breadcrumb":{"@id":"https:\/\/www.yokohama.eu\/comparison\/#breadcrumb"},"inLanguage":"fr-FR","potentialAction":[{"@type":"ReadAction","target":["https:\/\/www.yokohama.eu\/comparison\/"]}]},{"@type":"BreadcrumbList","@id":"https:\/\/www.yokohama.eu\/comparison\/#breadcrumb","itemListElement":[{"@type":"ListItem","position":1,"name":"Home","item":"https:\/\/www.yokohama.eu\/"},{"@type":"ListItem","position":2,"name":"Comparison Results"}]},{"@type":"WebSite","@id":"https:\/\/www.yokohama.eu\/#website","url":"https:\/\/www.yokohama.eu\/","name":"Yokohama","description":"","potentialAction":[{"@type":"SearchAction","target":{"@type":"EntryPoint","urlTemplate":"https:\/\/www.yokohama.eu\/?s={search_term_string}"},"query-input":{"@type":"PropertyValueSpecification","valueRequired":true,"valueName":"search_term_string"}}],"inLanguage":"fr-FR"}]}},"_links":{"self":[{"href":"https:\/\/www.yokohama.eu\/fr\/wp-json\/wp\/v2\/pages\/1050","targetHints":{"allow":["GET"]}}],"collection":[{"href":"https:\/\/www.yokohama.eu\/fr\/wp-json\/wp\/v2\/pages"}],"about":[{"href":"https:\/\/www.yokohama.eu\/fr\/wp-json\/wp\/v2\/types\/page"}],"author":[{"embeddable":true,"href":"https:\/\/www.yokohama.eu\/fr\/wp-json\/wp\/v2\/users\/1"}],"replies":[{"embeddable":true,"href":"https:\/\/www.yokohama.eu\/fr\/wp-json\/wp\/v2\/comments?post=1050"}],"version-history":[{"count":1,"href":"https:\/\/www.yokohama.eu\/fr\/wp-json\/wp\/v2\/pages\/1050\/revisions"}],"predecessor-version":[{"id":48232,"href":"https:\/\/www.yokohama.eu\/fr\/wp-json\/wp\/v2\/pages\/1050\/revisions\/48232"}],"wp:attachment":[{"href":"https:\/\/www.yokohama.eu\/fr\/wp-json\/wp\/v2\/media?parent=1050"}],"curies":[{"name":"wp","href":"https:\/\/api.w.org\/{rel}","templated":true}]}}