{"id":25899,"date":"2025-07-18T16:07:04","date_gmt":"2025-07-18T16:07:04","guid":{"rendered":"https:\/\/yokohama.demo.mybeautifuldomain.com\/?page_id=25899"},"modified":"2025-08-27T14:58:40","modified_gmt":"2025-08-27T14:58:40","slug":"pneus-tout-terrain","status":"publish","type":"page","link":"https:\/\/www.yokohama.eu\/fr\/off-the-road-tyres\/","title":{"rendered":"Hors route"},"content":{"rendered":"<div class='breakdance'><section class=\"bde-section-25899-100 bde-section overflow\">\n  \n  \n\t\n\n\n\n<div class=\"section-container\"><div class=\"bde-shortcode-25899-101 bde-shortcode breadcrumbs__wrap\"><nav class=\"breadcrumbs\" aria-label=\"Chapelure\"><a class=\"breadcrumbs__link breadcrumbs__link--home\" href=\"https:\/\/www.yokohama.eu\/fr\/\">Accueil<\/a><span class=\"breadcrumbs__separator\"> \/ <\/span><span class=\"breadcrumbs__current\">Hors route<\/span><\/nav><\/div><\/div>\n<\/section><section class=\"bde-section-25899-111 bde-section\" data-gsap=\"true\" data-scrolltrigger=\"false\">\n  \n  \n\t\n\n\n\n<div class=\"section-container\"><div class=\"bde-div-25899-112 bde-div\" data-animation=\"from-bot\">\n  \n  \n\t\n\n\n\n<h1 class=\"bde-heading-25899-113 bde-heading\">\nPneus tout-terrain\n<\/h1><div class=\"bde-rich-text-25899-115 bde-rich-text breakdance-rich-text-styles\">\n<p>YOKOHAMA est le seul fabricant au monde \u00e0 construire des pneus sur mesure pour r\u00e9pondre aux besoins les plus exigeants des entreprises individuelles op\u00e9rant dans les environnements les plus difficiles.  Industrie, charges lourdes, man\u0153uvres serr\u00e9es de v\u00e9hicules, exploitation mini\u00e8re, YOKOHAMA poss\u00e8de l'expertise dans tous ces domaines.<\/p>\n<p>YOKOHAMA a d\u00e9velopp\u00e9 ses capacit\u00e9s technologiques avanc\u00e9es au fil des ans. Nos pneus tout-terrain sont des produits de haute qualit\u00e9 fabriqu\u00e9s dans des installations de production int\u00e9gr\u00e9es avec un contr\u00f4le de qualit\u00e9 rigoureux.<\/p>\n<p>Il est possible de tirer pleinement parti de ces pneus tout-terrain en suivant les directives fournies par YOKOHAMA. Veuillez contacter votre sp\u00e9cialiste YOKOHAMA pour plus d'informations, de d\u00e9tails et de conseils.<\/p>\n<\/div>\n<\/div><div class=\"bde-div-25899-116 bde-div\" data-animation=\"from-bot\">\n  \n  \n\t\n\n\n\n<img decoding=\"async\" class=\"bde-image2-25899-117 bde-image2\" src=\"https:\/\/www.yokohama.eu\/wp-content\/uploads\/2025\/07\/truck-and-bus.jpg\" alt=\"Pneus tout-terrain Yokohama\" loading=\"lazy\" srcset=\"https:\/\/www.yokohama.eu\/wp-content\/uploads\/2025\/07\/truck-and-bus.jpg 1500w, https:\/\/www.yokohama.eu\/wp-content\/uploads\/2025\/07\/truck-and-bus-227x300.jpg 227w, https:\/\/www.yokohama.eu\/wp-content\/uploads\/2025\/07\/truck-and-bus-774x1024.jpg 774w, https:\/\/www.yokohama.eu\/wp-content\/uploads\/2025\/07\/truck-and-bus-768x1016.jpg 768w, https:\/\/www.yokohama.eu\/wp-content\/uploads\/2025\/07\/truck-and-bus-1161x1536.jpg 1161w\" sizes=\"(max-width: 1500px) 100vw, 1500px\"><h3 class=\"bde-heading-25899-118 bde-heading\">\nHors route<br>manuel des pneus\n<\/h3><div class=\"bde-button-25899-120 bde-button\">\n    \n                                    \n    \n    \n    \n    \n            \n                    \n            \n            \n\n    \n    \n    \n    \n    \n    <a class=\"breakdance-link button-atom button-atom--primary bde-button__button\" href=\"https:\/\/www.yokohama.eu\/wp-content\/uploads\/2025\/05\/YOKOHAMA_OTR_Handbook_2023.pdf\" target=\"_blank\" data-type=\"url\"  >\n\n    \n        <span class=\"button-atom__text\">T\u00e9l\u00e9charger<\/span>\n\n        \n        \n                <\/a>\n\n    \n\n\n<\/div>\n<\/div><\/div>\n<\/section><\/div>","protected":false},"excerpt":{"rendered":"<p>Home \/ Off-the-Road Off-the-Road Tyres YOKOHAMA is the only manufacturer in the world that custom-builds tyres to meet the most demanding needs of\u00a0 individual businesses\u00a0 operating in the harshest of environments.\u00a0 Industrial, heavy loads, tight vehicle manoeuvres, mining, YOKOHAMA has the expertise in all. YOKOHAMA has built its advanced technological capabilities over the years. Our [&hellip;]<\/p>\n","protected":false},"author":1,"featured_media":0,"parent":0,"menu_order":15,"comment_status":"closed","ping_status":"closed","template":"","meta":{"_acf_changed":false,"_breakdance_hide_in_design_set":false,"_breakdance_tags":"","footnotes":""},"class_list":["post-25899","page","type-page","status-publish","hentry"],"acf":[],"yoast_head":"<!-- This site is optimized with the Yoast SEO plugin v27.0 - https:\/\/yoast.com\/product\/yoast-seo-wordpress\/ -->\n<title>Off-the-Road Tyres Catalogue | Yokohama<\/title>\n<meta name=\"description\" content=\"Discover the Yokohama Off-the-Road tyres catalogue with a wide selection of products designed for different vehicles and applications.\" \/>\n<meta name=\"robots\" content=\"index, follow, max-snippet:-1, max-image-preview:large, max-video-preview:-1\" \/>\n<link rel=\"canonical\" href=\"https:\/\/www.yokohama.eu\/fr\/pneus-tout-terrain\/\" \/>\n<meta property=\"og:locale\" content=\"fr_FR\" \/>\n<meta property=\"og:type\" content=\"article\" \/>\n<meta property=\"og:title\" content=\"Off-the-Road Tyres Catalogue | Yokohama\" \/>\n<meta property=\"og:description\" content=\"Discover the Yokohama Off-the-Road tyres catalogue with a wide selection of products designed for different vehicles and applications.\" \/>\n<meta property=\"og:url\" content=\"https:\/\/www.yokohama.eu\/fr\/pneus-tout-terrain\/\" \/>\n<meta property=\"og:site_name\" content=\"Yokohama\" \/>\n<meta property=\"article:modified_time\" content=\"2025-08-27T14:58:40+00:00\" \/>\n<meta name=\"twitter:card\" content=\"summary_large_image\" \/>\n<meta name=\"twitter:label1\" content=\"Dur\u00e9e de lecture estim\u00e9e\" \/>\n\t<meta name=\"twitter:data1\" content=\"1 minute\" \/>\n<script type=\"application\/ld+json\" class=\"yoast-schema-graph\">{\"@context\":\"https:\/\/schema.org\",\"@graph\":[{\"@type\":\"WebPage\",\"@id\":\"https:\/\/www.yokohama.eu\/off-the-road-tyres\/\",\"url\":\"https:\/\/www.yokohama.eu\/off-the-road-tyres\/\",\"name\":\"Off-the-Road Tyres Catalogue | Yokohama\",\"isPartOf\":{\"@id\":\"https:\/\/www.yokohama.eu\/#website\"},\"datePublished\":\"2025-07-18T16:07:04+00:00\",\"dateModified\":\"2025-08-27T14:58:40+00:00\",\"description\":\"Discover the Yokohama Off-the-Road tyres catalogue with a wide selection of products designed for different vehicles and applications.\",\"breadcrumb\":{\"@id\":\"https:\/\/www.yokohama.eu\/off-the-road-tyres\/#breadcrumb\"},\"inLanguage\":\"fr-FR\",\"potentialAction\":[{\"@type\":\"ReadAction\",\"target\":[\"https:\/\/www.yokohama.eu\/off-the-road-tyres\/\"]}]},{\"@type\":\"BreadcrumbList\",\"@id\":\"https:\/\/www.yokohama.eu\/off-the-road-tyres\/#breadcrumb\",\"itemListElement\":[{\"@type\":\"ListItem\",\"position\":1,\"name\":\"Home\",\"item\":\"https:\/\/www.yokohama.eu\/\"},{\"@type\":\"ListItem\",\"position\":2,\"name\":\"Off-the-Road\"}]},{\"@type\":\"WebSite\",\"@id\":\"https:\/\/www.yokohama.eu\/#website\",\"url\":\"https:\/\/www.yokohama.eu\/\",\"name\":\"Yokohama\",\"description\":\"\",\"potentialAction\":[{\"@type\":\"SearchAction\",\"target\":{\"@type\":\"EntryPoint\",\"urlTemplate\":\"https:\/\/www.yokohama.eu\/?s={search_term_string}\"},\"query-input\":{\"@type\":\"PropertyValueSpecification\",\"valueRequired\":true,\"valueName\":\"search_term_string\"}}],\"inLanguage\":\"fr-FR\"}]}<\/script>\n<!-- \/ Yoast SEO plugin. -->","yoast_head_json":{"title":"Catalogue Pneus Tout Terrain | Yokohama","description":"D\u00e9couvrez le catalogue de pneus tout-terrain Yokohama avec une large s\u00e9lection de produits con\u00e7us pour diff\u00e9rents v\u00e9hicules et applications.","robots":{"index":"index","follow":"follow","max-snippet":"max-snippet:-1","max-image-preview":"max-image-preview:large","max-video-preview":"max-video-preview:-1"},"canonical":"https:\/\/www.yokohama.eu\/fr\/pneus-tout-terrain\/","og_locale":"fr_FR","og_type":"article","og_title":"Off-the-Road Tyres Catalogue | Yokohama","og_description":"Discover the Yokohama Off-the-Road tyres catalogue with a wide selection of products designed for different vehicles and applications.","og_url":"https:\/\/www.yokohama.eu\/fr\/pneus-tout-terrain\/","og_site_name":"Yokohama","article_modified_time":"2025-08-27T14:58:40+00:00","twitter_card":"summary_large_image","twitter_misc":{"Dur\u00e9e de lecture estim\u00e9e":"1 minute"},"schema":{"@context":"https:\/\/schema.org","@graph":[{"@type":"WebPage","@id":"https:\/\/www.yokohama.eu\/off-the-road-tyres\/","url":"https:\/\/www.yokohama.eu\/off-the-road-tyres\/","name":"Catalogue Pneus Tout Terrain | Yokohama","isPartOf":{"@id":"https:\/\/www.yokohama.eu\/#website"},"datePublished":"2025-07-18T16:07:04+00:00","dateModified":"2025-08-27T14:58:40+00:00","description":"D\u00e9couvrez le catalogue de pneus tout-terrain Yokohama avec une large s\u00e9lection de produits con\u00e7us pour diff\u00e9rents v\u00e9hicules et applications.","breadcrumb":{"@id":"https:\/\/www.yokohama.eu\/off-the-road-tyres\/#breadcrumb"},"inLanguage":"fr-FR","potentialAction":[{"@type":"ReadAction","target":["https:\/\/www.yokohama.eu\/off-the-road-tyres\/"]}]},{"@type":"BreadcrumbList","@id":"https:\/\/www.yokohama.eu\/off-the-road-tyres\/#breadcrumb","itemListElement":[{"@type":"ListItem","position":1,"name":"Home","item":"https:\/\/www.yokohama.eu\/"},{"@type":"ListItem","position":2,"name":"Off-the-Road"}]},{"@type":"WebSite","@id":"https:\/\/www.yokohama.eu\/#website","url":"https:\/\/www.yokohama.eu\/","name":"Yokohama","description":"","potentialAction":[{"@type":"SearchAction","target":{"@type":"EntryPoint","urlTemplate":"https:\/\/www.yokohama.eu\/?s={search_term_string}"},"query-input":{"@type":"PropertyValueSpecification","valueRequired":true,"valueName":"search_term_string"}}],"inLanguage":"fr-FR"}]}},"_links":{"self":[{"href":"https:\/\/www.yokohama.eu\/fr\/wp-json\/wp\/v2\/pages\/25899","targetHints":{"allow":["GET"]}}],"collection":[{"href":"https:\/\/www.yokohama.eu\/fr\/wp-json\/wp\/v2\/pages"}],"about":[{"href":"https:\/\/www.yokohama.eu\/fr\/wp-json\/wp\/v2\/types\/page"}],"author":[{"embeddable":true,"href":"https:\/\/www.yokohama.eu\/fr\/wp-json\/wp\/v2\/users\/1"}],"replies":[{"embeddable":true,"href":"https:\/\/www.yokohama.eu\/fr\/wp-json\/wp\/v2\/comments?post=25899"}],"version-history":[{"count":0,"href":"https:\/\/www.yokohama.eu\/fr\/wp-json\/wp\/v2\/pages\/25899\/revisions"}],"wp:attachment":[{"href":"https:\/\/www.yokohama.eu\/fr\/wp-json\/wp\/v2\/media?parent=25899"}],"curies":[{"name":"wp","href":"https:\/\/api.w.org\/{rel}","templated":true}]}}