{"id":31,"date":"2025-03-25T14:41:13","date_gmt":"2025-03-25T14:41:13","guid":{"rendered":"https:\/\/yokohama.demo.mybeautifuldomain.com\/?page_id=31"},"modified":"2025-09-23T07:11:03","modified_gmt":"2025-09-23T07:11:03","slug":"carriere","status":"publish","type":"page","link":"https:\/\/www.yokohama.eu\/fr\/career\/","title":{"rendered":"Carri\u00e8re"},"content":{"rendered":"<div class='breakdance'><section id=\"overview\" class=\"bde-section-31-100 bde-section intro\" data-gsap=\"true\" data-scrolltrigger=\"false\">\n  \n  \n\t\n\n\n\n<div class=\"section-container\"><img decoding=\"async\" class=\"bde-image2-31-106 bde-image2\" src=\"https:\/\/www.yokohama.eu\/wp-content\/uploads\/2025\/03\/image-3.jpg\" alt=\"Environnement de l&#039;entreprise\" loading=\"lazy\" srcset=\"https:\/\/www.yokohama.eu\/wp-content\/uploads\/2025\/03\/image-3.jpg 2160w, https:\/\/www.yokohama.eu\/wp-content\/uploads\/2025\/03\/image-3-300x186.jpg 300w, https:\/\/www.yokohama.eu\/wp-content\/uploads\/2025\/03\/image-3-1024x634.jpg 1024w, https:\/\/www.yokohama.eu\/wp-content\/uploads\/2025\/03\/image-3-768x476.jpg 768w, https:\/\/www.yokohama.eu\/wp-content\/uploads\/2025\/03\/image-3-1536x951.jpg 1536w, https:\/\/www.yokohama.eu\/wp-content\/uploads\/2025\/03\/image-3-2048x1269.jpg 2048w\" sizes=\"(max-width: 2160px) 100vw, 2160px\"><div class=\"bde-shortcode-31-121 bde-shortcode white breadcrumbs__wrap\"><nav class=\"breadcrumbs\" aria-label=\"Chapelure\"><a class=\"breadcrumbs__link breadcrumbs__link--home\" href=\"https:\/\/www.yokohama.eu\/fr\/\">Accueil<\/a><span class=\"breadcrumbs__separator\"> \/ <\/span><span class=\"breadcrumbs__current\">Carri\u00e8re<\/span><\/nav><\/div><h1 class=\"bde-heading-31-103 bde-heading\" data-animation=\"from-bot\" data-slice=\"true\">\nFaites \u00e9voluer votre carri\u00e8re avec nous\n<\/h1><div class=\"bde-text-31-104 bde-text\" data-animation=\"from-bot\" data-slice=\"true\">\nPoursuivez votre parcours professionnel au sein de nos filiales europ\u00e9ennes et int\u00e9grez une \u00e9quipe tourn\u00e9e vers l\u2019avenir et l\u2019innovation.\n<\/div><div class=\"bde-button-31-107 bde-button\" data-animation=\"from-bot\">\n    \n                                    \n    \n    \n    \n    \n            \n                    \n            \n            \n\n    \n    \n    \n    \n    \n    <a class=\"breakdance-link button-atom button-atom--primary bde-button__button\" href=\"#positions\" target=\"_self\" data-type=\"url\"  >\n\n    \n        <span class=\"button-atom__text\">Voir les postes disponibles<\/span>\n\n        \n        \n                <\/a>\n\n    \n\n\n<\/div><div class=\"bde-globalblock-31-166 bde-globalblock is--script-fullh-video\"><div class='breakdance'><div class=\"bde-code-block-948-100-948-1 bde-code-block intro__video--control bde-code-block-948-100\">\n\n  <div class=\"intro__video--control--icon\">\n<\/div>\n\n\n<\/div><\/div><\/div><\/div>\n<\/section><section class=\"bde-section-31-108 bde-section\" data-gsap=\"true\" data-scrolltrigger=\"true\">\n  \n  \n\t\n\n\n\n<div class=\"section-container\"><h2 class=\"bde-heading-31-110 bde-heading logo-heading\" data-animation=\"from-bot\" data-timeline=\"true\">\nPourquoi rejoindre Yokohama ?\n<\/h2><div class=\"bde-div-31-112 bde-div\" data-animation=\"from-bot\" data-animation-inside=\"true\">\n  \n  \n\t\n\n\n\n<div class=\"bde-div-31-113 bde-div\">\n  \n  \n\t\n\n\n\n<img decoding=\"async\" class=\"bde-image2-31-116 bde-image2\" src=\"https:\/\/www.yokohama.eu\/wp-content\/uploads\/2025\/08\/Stability-and-long-term-vision_x2.png\" alt=\"Yokohama offre stabilit\u00e9 et vision \u00e0 long terme\" loading=\"lazy\" srcset=\"https:\/\/www.yokohama.eu\/wp-content\/uploads\/2025\/08\/Stability-and-long-term-vision_x2.png 1120w, https:\/\/www.yokohama.eu\/wp-content\/uploads\/2025\/08\/Stability-and-long-term-vision_x2-768x549.png 768w\" sizes=\"(max-width: 1120px) 100vw, 1120px\"><h3 class=\"bde-heading-31-114 bde-heading\">\nStabilit\u00e9 et vision \u00e0 long terme\n<\/h3><div class=\"bde-text-31-115 bde-text\">\nNous valorisons la fid\u00e9lit\u00e9 et l\u2019engagement sur le long terme, offrant un environnement stable et favorable \u00e0 votre d\u00e9veloppement professionnel.\n<\/div>\n<\/div><div class=\"bde-div-31-117 bde-div\">\n  \n  \n\t\n\n\n\n<img decoding=\"async\" class=\"bde-image2-31-118 bde-image2\" src=\"https:\/\/www.yokohama.eu\/wp-content\/uploads\/2025\/08\/People-first-culture_x2.png\" alt=\"Yokohama soutient la culture de la priorit\u00e9 aux personnes\" loading=\"lazy\" srcset=\"https:\/\/www.yokohama.eu\/wp-content\/uploads\/2025\/08\/People-first-culture_x2.png 1584w, https:\/\/www.yokohama.eu\/wp-content\/uploads\/2025\/08\/People-first-culture_x2-768x388.png 768w, https:\/\/www.yokohama.eu\/wp-content\/uploads\/2025\/08\/People-first-culture_x2-1536x776.png 1536w\" sizes=\"(max-width: 1584px) 100vw, 1584px\"><h3 class=\"bde-heading-31-119 bde-heading\">\nCulture centr\u00e9e sur les collaborateurs\n<\/h3><div class=\"bde-text-31-120 bde-text\">\nNous prenons soin de nos employ\u00e9s gr\u00e2ce \u00e0 des primes, des programmes de sant\u00e9, de transport et de bien-\u00eatre \u00e0 l\u2019\u00e9chelle de l\u2019entreprise.\n<\/div>\n<\/div><div class=\"bde-div-31-122 bde-div\">\n  \n  \n\t\n\n\n\n<img decoding=\"async\" class=\"bde-image2-31-123 bde-image2\" src=\"https:\/\/www.yokohama.eu\/wp-content\/uploads\/2025\/08\/Innovation-driven-environment_x2.png\" alt=\"Environnement ax\u00e9 sur l&#039;innovation \u00e0 Yokohama\" loading=\"lazy\" srcset=\"https:\/\/www.yokohama.eu\/wp-content\/uploads\/2025\/08\/Innovation-driven-environment_x2.png 1584w, https:\/\/www.yokohama.eu\/wp-content\/uploads\/2025\/08\/Innovation-driven-environment_x2-768x388.png 768w, https:\/\/www.yokohama.eu\/wp-content\/uploads\/2025\/08\/Innovation-driven-environment_x2-1536x776.png 1536w\" sizes=\"(max-width: 1584px) 100vw, 1584px\"><h3 class=\"bde-heading-31-124 bde-heading\">\nEnvironnement ax\u00e9 sur l\u2019innovation\n<\/h3><div class=\"bde-text-31-125 bde-text\">\nTravaillez dans une entreprise tourn\u00e9e vers l\u2019innovation, utilisant des technologies avanc\u00e9es pour d\u00e9velopper des solutions pneumatiques de pointe.\n<\/div>\n<\/div><div class=\"bde-div-31-126 bde-div\">\n  \n  \n\t\n\n\n\n<img decoding=\"async\" class=\"bde-image2-31-127 bde-image2\" src=\"https:\/\/www.yokohama.eu\/wp-content\/uploads\/2025\/08\/Global-opportunities_x2.png\" alt=\"Opportunit\u00e9s de carri\u00e8re \u00e0 l&#039;\u00e9chelle mondiale \u00e0 Yokohama\" loading=\"lazy\" srcset=\"https:\/\/www.yokohama.eu\/wp-content\/uploads\/2025\/08\/Global-opportunities_x2.png 1120w, https:\/\/www.yokohama.eu\/wp-content\/uploads\/2025\/08\/Global-opportunities_x2-768x549.png 768w\" sizes=\"(max-width: 1120px) 100vw, 1120px\"><h3 class=\"bde-heading-31-128 bde-heading\">\nOpportunit\u00e9s \u00e0 l\u2019international\n<\/h3><div class=\"bde-text-31-129 bde-text\">\nRejoignez une entreprise mondiale de premier plan, avec des \u00e9quipes et des bureaux r\u00e9partis \u00e0 travers l\u2019Europe et le monde entier.<br><br>\n<\/div>\n<\/div>\n<\/div><\/div>\n<\/section><section class=\"bde-section-31-130 bde-section\" data-gsap=\"true\" data-scrolltrigger=\"true\">\n  \n  \n\t\n\n\n\n<div class=\"section-container\"><div class=\"bde-code-block-31-167 bde-code-block\">\n\n\n\n<\/div><div id=\"positions\" class=\"bde-div-31-164 bde-div is--anchor\">\n  \n  \n\t\n\n\n\n\n<\/div><h2 class=\"bde-heading-31-131 bde-heading logo-heading\" data-animation=\"from-bot\" data-timeline=\"true\">\nRejoignez notre \u00e9quipe : opportunit\u00e9s de carri\u00e8re\n<\/h2><div class=\"bde-text-31-149 bde-text\" data-animation=\"from-bot\" data-slice=\"true\">\nD\u00e9couvrez des postes passionnants chez Yokohama et int\u00e9grez une \u00e9quipe internationale d\u00e9di\u00e9e \u00e0 l\u2019innovation et \u00e0 l\u2019excellence. Nous proposons des parcours professionnels enrichissants, favorisant croissance et d\u00e9veloppement, dans une culture bas\u00e9e sur le soutien, l\u2019apprentissage et les opportunit\u00e9s.\n<\/div><div class=\"bde-div-31-150 bde-div\" data-animation=\"from-bot\">\n  \n  \n\t\n\n\n\n<div class=\"bde-code-block-31-152 bde-code-block\">\n\n  3 open roles\n\n\n<\/div><div class=\"bde-div-31-157 bde-div\">\n  \n  \n\t\n\n\n\n<div class=\"bde-text-31-158 bde-text\">\nR\u00f4le\n<\/div><div class=\"bde-text-31-159 bde-text\">\nLocalisation\n<\/div><div class=\"bde-text-31-160 bde-text\">\nType\n<\/div>\n<\/div><div class=\"bde-post-loop-31-153 bde-post-loop facetwp-template\"><div class=\"bde-loop bde-loop-list ee-posts ee-posts-list\">    <article class=\"bde-loop-item ee-post\">\n        <div class='breakdance'><a class=\"bde-container-link-242-101-59329-242-1 bde-container-link bde-container-link-242-101 breakdance-link\" href=\"https:\/\/www.yokohama.eu\/fr\/career\/finance-junior-analyst\/\" target=\"_self\" data-type=\"url\">\n  \n  \n\t\n\n\n\n<div class=\"bde-text-242-102-59329-242-1 bde-text bde-text-242-102\">\nFinance Junior Analyst\n<\/div><div class=\"bde-text-242-103-59329-242-1 bde-text career__info location bde-text-242-103\">\nMilano\n<\/div><div class=\"bde-text-242-104-59329-242-1 bde-text career__info type bde-text-242-104\">\nStagiaire\n<\/div>\n\n<\/a><\/div>    <\/article>\n    <article class=\"bde-loop-item ee-post\">\n        <div class='breakdance'><a class=\"bde-container-link-242-101-59160-242-1 bde-container-link bde-container-link-242-101 breakdance-link\" href=\"https:\/\/www.yokohama.eu\/fr\/career\/vertriebsmitarbeiter-gebietsleiter-m-w-d\/\" target=\"_self\" data-type=\"url\">\n  \n  \n\t\n\n\n\n<div class=\"bde-text-242-102-59160-242-1 bde-text bde-text-242-102\">\nVertriebsmitarbeiter \/ Gebietsleiter (m\/w\/d)\n<\/div><div class=\"bde-text-242-103-59160-242-1 bde-text career__info location bde-text-242-103\">\nGermany (remote)\n<\/div><div class=\"bde-text-242-104-59160-242-1 bde-text career__info type bde-text-242-104\">\nPermanent Contract\n<\/div>\n\n<\/a><\/div>    <\/article>\n    <article class=\"bde-loop-item ee-post\">\n        <div class='breakdance'><a class=\"bde-container-link-242-101-59058-242-1 bde-container-link bde-container-link-242-101 breakdance-link\" href=\"https:\/\/www.yokohama.eu\/fr\/career\/ict-application-specialist-2\/\" target=\"_self\" data-type=\"url\">\n  \n  \n\t\n\n\n\n<div class=\"bde-text-242-102-59058-242-1 bde-text bde-text-242-102\">\nICT Application Specialist\n<\/div><div class=\"bde-text-242-103-59058-242-1 bde-text career__info location bde-text-242-103\">\nMilano (hybrid model)\n<\/div><div class=\"bde-text-242-104-59058-242-1 bde-text career__info type bde-text-242-104\">\nPermanent Contract\n<\/div>\n\n<\/a><\/div>    <\/article>\n<\/div>\r\n<\/div><div class=\"bde-div-31-155 bde-div\">\n  \n  \n\t\n\n\n\n<div class=\"bde-code-block-31-161 bde-code-block facetwp__per-page\">\n\n  <span class=\"facetwp-label\">Articles par page<\/span>\n<div class=\"facetwp-facet facetwp-facet-career_per_page facetwp-type-pager\" data-name=\"career_per_page\" data-type=\"pager\"><\/div>\n\n\n<\/div><div class=\"bde-shortcode-31-163 bde-shortcode facetwp__pagination\"><div class=\"facetwp-facet facetwp-facet-pagination_career facetwp-type-pager\" data-name=\"pagination_career\" data-type=\"pager\"><\/div><\/div>\n<\/div>\n<\/div><\/div>\n<\/section><\/div>","protected":false},"excerpt":{"rendered":"<p>Home \/ Career Grow your career with us Pursue your career across our European subsidiaries and join a dynamic, future-focused team. View Open Positions Why join Yokohama? Stability and long-term vision We value loyalty and long-term commitment, providing a stable, supportive environment for your career growth. People-first culture We care about our employees, providing company-wide [&hellip;]<\/p>\n","protected":false},"author":1,"featured_media":0,"parent":0,"menu_order":9,"comment_status":"closed","ping_status":"closed","template":"","meta":{"_acf_changed":false,"_breakdance_hide_in_design_set":false,"_breakdance_tags":"","footnotes":""},"class_list":["post-31","page","type-page","status-publish","hentry"],"acf":[],"yoast_head":"<!-- This site is optimized with the Yoast SEO plugin v27.0 - https:\/\/yoast.com\/product\/yoast-seo-wordpress\/ -->\n<title>Careers at Yokohama. Join Our Global Team<\/title>\n<meta name=\"description\" content=\"Grow your career with Yokohama. Explore job openings across Europe, join a supportive team, and help shape the future of tyre innovation and mobility.\" \/>\n<meta name=\"robots\" content=\"index, follow, max-snippet:-1, max-image-preview:large, max-video-preview:-1\" \/>\n<link rel=\"canonical\" href=\"https:\/\/www.yokohama.eu\/fr\/carriere\/\" \/>\n<meta property=\"og:locale\" content=\"fr_FR\" \/>\n<meta property=\"og:type\" content=\"article\" \/>\n<meta property=\"og:title\" content=\"Careers at Yokohama. Join Our Global Team\" \/>\n<meta property=\"og:description\" content=\"Grow your career with Yokohama. Explore job openings across Europe, join a supportive team, and help shape the future of tyre innovation and mobility.\" \/>\n<meta property=\"og:url\" content=\"https:\/\/www.yokohama.eu\/fr\/carriere\/\" \/>\n<meta property=\"og:site_name\" content=\"Yokohama\" \/>\n<meta property=\"article:modified_time\" content=\"2025-09-23T07:11:03+00:00\" \/>\n<meta name=\"twitter:card\" content=\"summary_large_image\" \/>\n<meta name=\"twitter:label1\" content=\"Dur\u00e9e de lecture estim\u00e9e\" \/>\n\t<meta name=\"twitter:data1\" content=\"2 minutes\" \/>\n<script type=\"application\/ld+json\" class=\"yoast-schema-graph\">{\"@context\":\"https:\/\/schema.org\",\"@graph\":[{\"@type\":\"WebPage\",\"@id\":\"https:\/\/www.yokohama.eu\/career\/\",\"url\":\"https:\/\/www.yokohama.eu\/career\/\",\"name\":\"Careers at Yokohama. Join Our Global Team\",\"isPartOf\":{\"@id\":\"https:\/\/www.yokohama.eu\/#website\"},\"datePublished\":\"2025-03-25T14:41:13+00:00\",\"dateModified\":\"2025-09-23T07:11:03+00:00\",\"description\":\"Grow your career with Yokohama. Explore job openings across Europe, join a supportive team, and help shape the future of tyre innovation and mobility.\",\"breadcrumb\":{\"@id\":\"https:\/\/www.yokohama.eu\/career\/#breadcrumb\"},\"inLanguage\":\"fr-FR\",\"potentialAction\":[{\"@type\":\"ReadAction\",\"target\":[\"https:\/\/www.yokohama.eu\/career\/\"]}]},{\"@type\":\"BreadcrumbList\",\"@id\":\"https:\/\/www.yokohama.eu\/career\/#breadcrumb\",\"itemListElement\":[{\"@type\":\"ListItem\",\"position\":1,\"name\":\"Home\",\"item\":\"https:\/\/www.yokohama.eu\/\"},{\"@type\":\"ListItem\",\"position\":2,\"name\":\"Career\"}]},{\"@type\":\"WebSite\",\"@id\":\"https:\/\/www.yokohama.eu\/#website\",\"url\":\"https:\/\/www.yokohama.eu\/\",\"name\":\"Yokohama\",\"description\":\"\",\"potentialAction\":[{\"@type\":\"SearchAction\",\"target\":{\"@type\":\"EntryPoint\",\"urlTemplate\":\"https:\/\/www.yokohama.eu\/?s={search_term_string}\"},\"query-input\":{\"@type\":\"PropertyValueSpecification\",\"valueRequired\":true,\"valueName\":\"search_term_string\"}}],\"inLanguage\":\"fr-FR\"}]}<\/script>\n<!-- \/ Yoast SEO plugin. -->","yoast_head_json":{"title":"Carri\u00e8res chez Yokohama \u2013 Rejoignez notre \u00e9quipe internationale","description":"D\u00e9veloppez votre carri\u00e8re avec Yokohama. Explorez nos offres d\u2019emploi \u00e0 travers l\u2019Europe, rejoignez une \u00e9quipe dynamique et contribuez \u00e0 fa\u00e7onner.","robots":{"index":"index","follow":"follow","max-snippet":"max-snippet:-1","max-image-preview":"max-image-preview:large","max-video-preview":"max-video-preview:-1"},"canonical":"https:\/\/www.yokohama.eu\/fr\/carriere\/","og_locale":"fr_FR","og_type":"article","og_title":"Careers at Yokohama. Join Our Global Team","og_description":"Grow your career with Yokohama. Explore job openings across Europe, join a supportive team, and help shape the future of tyre innovation and mobility.","og_url":"https:\/\/www.yokohama.eu\/fr\/carriere\/","og_site_name":"Yokohama","article_modified_time":"2025-09-23T07:11:03+00:00","twitter_card":"summary_large_image","twitter_misc":{"Dur\u00e9e de lecture estim\u00e9e":"2 minutes"},"schema":{"@context":"https:\/\/schema.org","@graph":[{"@type":"WebPage","@id":"https:\/\/www.yokohama.eu\/career\/","url":"https:\/\/www.yokohama.eu\/career\/","name":"Carri\u00e8res chez Yokohama \u2013 Rejoignez notre \u00e9quipe internationale","isPartOf":{"@id":"https:\/\/www.yokohama.eu\/#website"},"datePublished":"2025-03-25T14:41:13+00:00","dateModified":"2025-09-23T07:11:03+00:00","description":"D\u00e9veloppez votre carri\u00e8re avec Yokohama. Explorez nos offres d\u2019emploi \u00e0 travers l\u2019Europe, rejoignez une \u00e9quipe dynamique et contribuez \u00e0 fa\u00e7onner.","breadcrumb":{"@id":"https:\/\/www.yokohama.eu\/career\/#breadcrumb"},"inLanguage":"fr-FR","potentialAction":[{"@type":"ReadAction","target":["https:\/\/www.yokohama.eu\/career\/"]}]},{"@type":"BreadcrumbList","@id":"https:\/\/www.yokohama.eu\/career\/#breadcrumb","itemListElement":[{"@type":"ListItem","position":1,"name":"Home","item":"https:\/\/www.yokohama.eu\/"},{"@type":"ListItem","position":2,"name":"Career"}]},{"@type":"WebSite","@id":"https:\/\/www.yokohama.eu\/#website","url":"https:\/\/www.yokohama.eu\/","name":"Yokohama","description":"","potentialAction":[{"@type":"SearchAction","target":{"@type":"EntryPoint","urlTemplate":"https:\/\/www.yokohama.eu\/?s={search_term_string}"},"query-input":{"@type":"PropertyValueSpecification","valueRequired":true,"valueName":"search_term_string"}}],"inLanguage":"fr-FR"}]}},"_links":{"self":[{"href":"https:\/\/www.yokohama.eu\/fr\/wp-json\/wp\/v2\/pages\/31","targetHints":{"allow":["GET"]}}],"collection":[{"href":"https:\/\/www.yokohama.eu\/fr\/wp-json\/wp\/v2\/pages"}],"about":[{"href":"https:\/\/www.yokohama.eu\/fr\/wp-json\/wp\/v2\/types\/page"}],"author":[{"embeddable":true,"href":"https:\/\/www.yokohama.eu\/fr\/wp-json\/wp\/v2\/users\/1"}],"replies":[{"embeddable":true,"href":"https:\/\/www.yokohama.eu\/fr\/wp-json\/wp\/v2\/comments?post=31"}],"version-history":[{"count":1,"href":"https:\/\/www.yokohama.eu\/fr\/wp-json\/wp\/v2\/pages\/31\/revisions"}],"predecessor-version":[{"id":48281,"href":"https:\/\/www.yokohama.eu\/fr\/wp-json\/wp\/v2\/pages\/31\/revisions\/48281"}],"wp:attachment":[{"href":"https:\/\/www.yokohama.eu\/fr\/wp-json\/wp\/v2\/media?parent=31"}],"curies":[{"name":"wp","href":"https:\/\/api.w.org\/{rel}","templated":true}]}}