{"id":25899,"date":"2025-07-18T16:07:04","date_gmt":"2025-07-18T16:07:04","guid":{"rendered":"https:\/\/yokohama.demo.mybeautifuldomain.com\/?page_id=25899"},"modified":"2025-08-27T14:58:40","modified_gmt":"2025-08-27T14:58:40","slug":"opony-terenowe","status":"publish","type":"page","link":"https:\/\/www.yokohama.eu\/pl\/off-the-road-tyres\/","title":{"rendered":"Poza drog\u0105"},"content":{"rendered":"<div class='breakdance'><section class=\"bde-section-25899-100 bde-section overflow\">\n  \n  \n\t\n\n\n\n<div class=\"section-container\"><div class=\"bde-shortcode-25899-101 bde-shortcode breadcrumbs__wrap\"><nav class=\"breadcrumbs\" aria-label=\"Bu\u0142ka tarta\"><a class=\"breadcrumbs__link breadcrumbs__link--home\" href=\"https:\/\/www.yokohama.eu\/pl\/\">Strona g\u0142\u00f3wna<\/a><span class=\"breadcrumbs__separator\"> \/ <\/span><span class=\"breadcrumbs__current\">Poza drog\u0105<\/span><\/nav><\/div><\/div>\n<\/section><section class=\"bde-section-25899-111 bde-section\" data-gsap=\"true\" data-scrolltrigger=\"false\">\n  \n  \n\t\n\n\n\n<div class=\"section-container\"><div class=\"bde-div-25899-112 bde-div\" data-animation=\"from-bot\">\n  \n  \n\t\n\n\n\n<h1 class=\"bde-heading-25899-113 bde-heading\">\nOpony terenowe\n<\/h1><div class=\"bde-rich-text-25899-115 bde-rich-text breakdance-rich-text-styles\">\n<p>YOKOHAMA jest jedynym producentem na \u015bwiecie, kt\u00f3ry buduje opony na zam\u00f3wienie, aby spe\u0142ni\u0107 najbardziej wymagaj\u0105ce potrzeby poszczeg\u00f3lnych firm dzia\u0142aj\u0105cych w najtrudniejszych warunkach.  Przemys\u0142, ci\u0119\u017ckie \u0142adunki, ciasne manewry pojazd\u00f3w, g\u00f3rnictwo - YOKOHAMA ma do\u015bwiadczenie we wszystkich tych dziedzinach.<\/p>\n<p>Firma YOKOHAMA przez lata budowa\u0142a swoje zaawansowane mo\u017cliwo\u015bci technologiczne. Nasze opony terenowe to wysokiej jako\u015bci produkty wytwarzane w zintegrowanych zak\u0142adach produkcyjnych ze \u015bcis\u0142\u0105 kontrol\u0105 jako\u015bci.<\/p>\n<p>Pe\u0142ne wykorzystanie tych opon terenowych mo\u017cna uzyska\u0107, stosuj\u0105c si\u0119 do wytycznych dostarczonych przez firm\u0119 YOKOHAMA. Prosimy o kontakt ze specjalist\u0105 YOKOHAMA w celu uzyskania dalszych informacji, szczeg\u00f3\u0142\u00f3w i porad.<\/p>\n<\/div>\n<\/div><div class=\"bde-div-25899-116 bde-div\" data-animation=\"from-bot\">\n  \n  \n\t\n\n\n\n<img decoding=\"async\" class=\"bde-image2-25899-117 bde-image2\" src=\"https:\/\/www.yokohama.eu\/wp-content\/uploads\/2025\/07\/truck-and-bus.jpg\" alt=\"Opony terenowe Yokohama\" loading=\"lazy\" srcset=\"https:\/\/www.yokohama.eu\/wp-content\/uploads\/2025\/07\/truck-and-bus.jpg 1500w, https:\/\/www.yokohama.eu\/wp-content\/uploads\/2025\/07\/truck-and-bus-227x300.jpg 227w, https:\/\/www.yokohama.eu\/wp-content\/uploads\/2025\/07\/truck-and-bus-774x1024.jpg 774w, https:\/\/www.yokohama.eu\/wp-content\/uploads\/2025\/07\/truck-and-bus-768x1016.jpg 768w, https:\/\/www.yokohama.eu\/wp-content\/uploads\/2025\/07\/truck-and-bus-1161x1536.jpg 1161w\" sizes=\"(max-width: 1500px) 100vw, 1500px\"><h3 class=\"bde-heading-25899-118 bde-heading\">\nOff-the-road<br>podr\u0119cznik opon\n<\/h3><div class=\"bde-button-25899-120 bde-button\">\n    \n                                    \n    \n    \n    \n    \n            \n                    \n            \n            \n\n    \n    \n    \n    \n    \n    <a class=\"breakdance-link button-atom button-atom--primary bde-button__button\" href=\"https:\/\/www.yokohama.eu\/wp-content\/uploads\/2025\/05\/YOKOHAMA_OTR_Handbook_2023.pdf\" target=\"_blank\" data-type=\"url\"  >\n\n    \n        <span class=\"button-atom__text\">Pobierz<\/span>\n\n        \n        \n                <\/a>\n\n    \n\n\n<\/div>\n<\/div><\/div>\n<\/section><\/div>","protected":false},"excerpt":{"rendered":"<p>Home \/ Off-the-Road Off-the-Road Tyres YOKOHAMA is the only manufacturer in the world that custom-builds tyres to meet the most demanding needs of\u00a0 individual businesses\u00a0 operating in the harshest of environments.\u00a0 Industrial, heavy loads, tight vehicle manoeuvres, mining, YOKOHAMA has the expertise in all. YOKOHAMA has built its advanced technological capabilities over the years. Our [&hellip;]<\/p>\n","protected":false},"author":1,"featured_media":0,"parent":0,"menu_order":15,"comment_status":"closed","ping_status":"closed","template":"","meta":{"_acf_changed":false,"_breakdance_hide_in_design_set":false,"_breakdance_tags":"","footnotes":""},"class_list":["post-25899","page","type-page","status-publish","hentry"],"acf":[],"yoast_head":"<!-- This site is optimized with the Yoast SEO plugin v27.0 - https:\/\/yoast.com\/product\/yoast-seo-wordpress\/ -->\n<title>Off-the-Road Tyres Catalogue | Yokohama<\/title>\n<meta name=\"description\" content=\"Discover the Yokohama Off-the-Road tyres catalogue with a wide selection of products designed for different vehicles and applications.\" \/>\n<meta name=\"robots\" content=\"index, follow, max-snippet:-1, max-image-preview:large, max-video-preview:-1\" \/>\n<link rel=\"canonical\" href=\"https:\/\/www.yokohama.eu\/pl\/opony-terenowe\/\" \/>\n<meta property=\"og:locale\" content=\"pl_PL\" \/>\n<meta property=\"og:type\" content=\"article\" \/>\n<meta property=\"og:title\" content=\"Off-the-Road Tyres Catalogue | Yokohama\" \/>\n<meta property=\"og:description\" content=\"Discover the Yokohama Off-the-Road tyres catalogue with a wide selection of products designed for different vehicles and applications.\" \/>\n<meta property=\"og:url\" content=\"https:\/\/www.yokohama.eu\/pl\/opony-terenowe\/\" \/>\n<meta property=\"og:site_name\" content=\"Yokohama\" \/>\n<meta property=\"article:modified_time\" content=\"2025-08-27T14:58:40+00:00\" \/>\n<meta name=\"twitter:card\" content=\"summary_large_image\" \/>\n<meta name=\"twitter:label1\" content=\"Szacowany czas czytania\" \/>\n\t<meta name=\"twitter:data1\" content=\"1 minuta\" \/>\n<script type=\"application\/ld+json\" class=\"yoast-schema-graph\">{\"@context\":\"https:\/\/schema.org\",\"@graph\":[{\"@type\":\"WebPage\",\"@id\":\"https:\/\/www.yokohama.eu\/off-the-road-tyres\/\",\"url\":\"https:\/\/www.yokohama.eu\/off-the-road-tyres\/\",\"name\":\"Off-the-Road Tyres Catalogue | Yokohama\",\"isPartOf\":{\"@id\":\"https:\/\/www.yokohama.eu\/#website\"},\"datePublished\":\"2025-07-18T16:07:04+00:00\",\"dateModified\":\"2025-08-27T14:58:40+00:00\",\"description\":\"Discover the Yokohama Off-the-Road tyres catalogue with a wide selection of products designed for different vehicles and applications.\",\"breadcrumb\":{\"@id\":\"https:\/\/www.yokohama.eu\/off-the-road-tyres\/#breadcrumb\"},\"inLanguage\":\"pl-PL\",\"potentialAction\":[{\"@type\":\"ReadAction\",\"target\":[\"https:\/\/www.yokohama.eu\/off-the-road-tyres\/\"]}]},{\"@type\":\"BreadcrumbList\",\"@id\":\"https:\/\/www.yokohama.eu\/off-the-road-tyres\/#breadcrumb\",\"itemListElement\":[{\"@type\":\"ListItem\",\"position\":1,\"name\":\"Home\",\"item\":\"https:\/\/www.yokohama.eu\/\"},{\"@type\":\"ListItem\",\"position\":2,\"name\":\"Off-the-Road\"}]},{\"@type\":\"WebSite\",\"@id\":\"https:\/\/www.yokohama.eu\/#website\",\"url\":\"https:\/\/www.yokohama.eu\/\",\"name\":\"Yokohama\",\"description\":\"\",\"potentialAction\":[{\"@type\":\"SearchAction\",\"target\":{\"@type\":\"EntryPoint\",\"urlTemplate\":\"https:\/\/www.yokohama.eu\/?s={search_term_string}\"},\"query-input\":{\"@type\":\"PropertyValueSpecification\",\"valueRequired\":true,\"valueName\":\"search_term_string\"}}],\"inLanguage\":\"pl-PL\"}]}<\/script>\n<!-- \/ Yoast SEO plugin. -->","yoast_head_json":{"title":"Katalog opon terenowych | Yokohama","description":"Odkryj katalog opon terenowych Yokohama z szerokim wyborem produkt\u00f3w przeznaczonych do r\u00f3\u017cnych pojazd\u00f3w i zastosowa\u0144.","robots":{"index":"index","follow":"follow","max-snippet":"max-snippet:-1","max-image-preview":"max-image-preview:large","max-video-preview":"max-video-preview:-1"},"canonical":"https:\/\/www.yokohama.eu\/pl\/opony-terenowe\/","og_locale":"pl_PL","og_type":"article","og_title":"Off-the-Road Tyres Catalogue | Yokohama","og_description":"Discover the Yokohama Off-the-Road tyres catalogue with a wide selection of products designed for different vehicles and applications.","og_url":"https:\/\/www.yokohama.eu\/pl\/opony-terenowe\/","og_site_name":"Yokohama","article_modified_time":"2025-08-27T14:58:40+00:00","twitter_card":"summary_large_image","twitter_misc":{"Szacowany czas czytania":"1 minuta"},"schema":{"@context":"https:\/\/schema.org","@graph":[{"@type":"WebPage","@id":"https:\/\/www.yokohama.eu\/off-the-road-tyres\/","url":"https:\/\/www.yokohama.eu\/off-the-road-tyres\/","name":"Katalog opon terenowych | Yokohama","isPartOf":{"@id":"https:\/\/www.yokohama.eu\/#website"},"datePublished":"2025-07-18T16:07:04+00:00","dateModified":"2025-08-27T14:58:40+00:00","description":"Odkryj katalog opon terenowych Yokohama z szerokim wyborem produkt\u00f3w przeznaczonych do r\u00f3\u017cnych pojazd\u00f3w i zastosowa\u0144.","breadcrumb":{"@id":"https:\/\/www.yokohama.eu\/off-the-road-tyres\/#breadcrumb"},"inLanguage":"pl-PL","potentialAction":[{"@type":"ReadAction","target":["https:\/\/www.yokohama.eu\/off-the-road-tyres\/"]}]},{"@type":"BreadcrumbList","@id":"https:\/\/www.yokohama.eu\/off-the-road-tyres\/#breadcrumb","itemListElement":[{"@type":"ListItem","position":1,"name":"Home","item":"https:\/\/www.yokohama.eu\/"},{"@type":"ListItem","position":2,"name":"Off-the-Road"}]},{"@type":"WebSite","@id":"https:\/\/www.yokohama.eu\/#website","url":"https:\/\/www.yokohama.eu\/","name":"Jokohama","description":"","potentialAction":[{"@type":"SearchAction","target":{"@type":"EntryPoint","urlTemplate":"https:\/\/www.yokohama.eu\/?s={search_term_string}"},"query-input":{"@type":"PropertyValueSpecification","valueRequired":true,"valueName":"search_term_string"}}],"inLanguage":"pl-PL"}]}},"_links":{"self":[{"href":"https:\/\/www.yokohama.eu\/pl\/wp-json\/wp\/v2\/pages\/25899","targetHints":{"allow":["GET"]}}],"collection":[{"href":"https:\/\/www.yokohama.eu\/pl\/wp-json\/wp\/v2\/pages"}],"about":[{"href":"https:\/\/www.yokohama.eu\/pl\/wp-json\/wp\/v2\/types\/page"}],"author":[{"embeddable":true,"href":"https:\/\/www.yokohama.eu\/pl\/wp-json\/wp\/v2\/users\/1"}],"replies":[{"embeddable":true,"href":"https:\/\/www.yokohama.eu\/pl\/wp-json\/wp\/v2\/comments?post=25899"}],"version-history":[{"count":0,"href":"https:\/\/www.yokohama.eu\/pl\/wp-json\/wp\/v2\/pages\/25899\/revisions"}],"wp:attachment":[{"href":"https:\/\/www.yokohama.eu\/pl\/wp-json\/wp\/v2\/media?parent=25899"}],"curies":[{"name":"wp","href":"https:\/\/api.w.org\/{rel}","templated":true}]}}