{"id":27,"date":"2025-03-25T14:40:59","date_gmt":"2025-03-25T14:40:59","guid":{"rendered":"https:\/\/yokohama.demo.mybeautifuldomain.com\/?page_id=27"},"modified":"2025-12-22T11:47:39","modified_gmt":"2025-12-22T11:47:39","slug":"media","status":"publish","type":"page","link":"https:\/\/www.yokohama.eu\/pl\/media\/","title":{"rendered":"Media"},"content":{"rendered":"<div class='breakdance'><section id=\"overview\" class=\"bde-section-27-100 bde-section intro\" data-gsap=\"true\" data-scrolltrigger=\"false\">\n  \n  \n\t\n\n\n\n<div class=\"section-container\"><div class=\"bde-video-27-101 bde-video intro__video\">\n<div class=\"ee-video-container\">\n            <video class=\"ee-video\" src=\"https:\/\/www.yokohama.eu\/wp-content\/uploads\/2025\/07\/1920x1080_Main-banner_Yokohama_Compressed.mp4\"\n                                                               loop='true'                muted='true'                controlslist=\"nodownload\"                playsinline\n>\n        <\/video>\n    \n    <\/div>\n\n<\/div><div class=\"bde-shortcode-27-102 bde-shortcode white breadcrumbs__wrap\"><nav class=\"breadcrumbs\" aria-label=\"Bu\u0142ka tarta\"><a class=\"breadcrumbs__link breadcrumbs__link--home\" href=\"https:\/\/www.yokohama.eu\/pl\/\">Strona g\u0142\u00f3wna<\/a><span class=\"breadcrumbs__separator\"> \/ <\/span><span class=\"breadcrumbs__current\">Media<\/span><\/nav><\/div><h1 class=\"bde-heading-27-103 bde-heading\" data-animation=\"from-bot\" data-slice=\"true\">\n\u0141ami\u0105c granice. Tworz\u0105c historie\n<\/h1><div class=\"bde-text-27-104 bde-text\" data-animation=\"from-bot\" data-slice=\"true\">\n\u015aled\u017a najnowsze wiadomo\u015bci Yokohama \u2013 od premier i innowacji produktowych, przez najwa\u017cniejsze wydarzenia motorsportowe, a\u017c po globalne inicjatywy.\n<\/div><div class=\"bde-globalblock-27-152 bde-globalblock is--script-fullh-video\"><div class='breakdance'><div class=\"bde-code-block-948-100-948-1 bde-code-block intro__video--control bde-code-block-948-100\">\n\n  <div class=\"intro__video--control--icon\">\n<\/div>\n\n\n<\/div><\/div><\/div><\/div>\n<\/section><section class=\"bde-section-27-138 bde-section\" data-gsap=\"true\" data-scrolltrigger=\"true\">\n  \n  \n\t\n\n\n\n<div class=\"section-container\"><div id=\"events\" class=\"bde-div-27-139 bde-div is--anchor\">\n  \n  \n\t\n\n\n\n\n<\/div><h2 class=\"bde-heading-27-140 bde-heading logo-heading\" data-animation=\"from-bot\" data-timeline=\"true\">\nNajwa\u017cniejsze wydarzenia Yokohama\n<\/h2><div class=\"bde-div-27-142 bde-div\" data-animation=\"from-bot\">\n  \n  \n\t\n\n\n\n<div class=\"bde-shortcode-27-155 bde-shortcode\"><div class=\"yoko-loop-media-container\">\r\n\r\n    <div class=\"yoko-loop-media-header hidden\">\r\n        <div class=\"yoko-loop-media-header-left\">\r\n            <span class=\"post-media-count\"> \r\n                <span class=\"count\">0 <\/span> \r\n                <span class=\"single-text hidden\">wynik<\/span>\r\n                <span class=\"plural-text hidden\">wyniki<\/span>\r\n            <\/span>\r\n        <\/div>\r\n        <div class=\"yoko-loop-media-header-right facetwp__sort\">\r\n            <select name=\"media_order\" class=\"select-sort\" hidden=\"\" tabindex=\"-1\">\r\n                <option value=\"date_desc\"  selected='selected'>Najnowsze wiadomo\u015bci jako pierwsze<\/option>\r\n                <option value=\"date_asc\" >Najstarsze wiadomo\u015bci jako pierwsze<\/option>\r\n                <option value=\"title_asc\" >Tytu\u0142 (a-z)<\/option>\r\n                <option value=\"title_desc\" >Tytu\u0142 (z-a)<\/option>\r\n            <\/select>\r\n        <\/div>\r\n    <\/div>\r\n\r\n    <div class=\"yoko-loop-media\">\r\n\r\n    <\/div>\r\n    <div class=\"yoko-loop-media-footer hidden\">\r\n        <div class=\"yoko-loop-media-footer-left media-per-page\">\r\n            <div class=\"per-page-text-container\">\r\n                <span class=\"per-page-text\">Pozycje na stron\u0119<\/span>\r\n            <\/div>\r\n            <select name=\"per_page\" class=\"select-per-page\" hidden=\"\" tabindex=\"-1\">\r\n                <option value=\"12\"  selected='selected'>12<\/option>\r\n                <option value=\"24\" >24<\/option>\r\n                <option value=\"36\" >36<\/option>\r\n                <option value=\"48\" >48<\/option>\r\n            <\/select>\r\n            <div class=\"info-per-page-container\">\r\n                <span class=\"info-per-page-range\">1-12<\/span>\r\n                <span class=\"info-per-page-text\">z<\/span>\r\n                <span class=\"info-per-page-count\">100<\/span>\r\n            <\/div>\r\n        <\/div>\r\n        <div class=\"yoko-loop-media-footer-right pagination-controls\">\r\n            <div class=\"pagination-pager\">\r\n                <a class=\"pagination-page prev disabled\">\"<\/a>\r\n                <a class=\"pagination-page first active\" data-page=\"1\">1<\/a>\r\n                <a class=\"pagination-page last\" data-page=\"2\">2<\/a>\r\n                <a class=\"pagination-page next\" data-page=\"2\">\"<\/a>\r\n            <\/div>\r\n        <\/div>\r\n    <\/div>\r\n<\/div>\r\n<\/div><div class=\"bde-post-loop-27-149 bde-post-loop facetwp-template\"><div class=\"bde-loop bde-loop-grid ee-posts ee-posts-grid\">    <article class=\"bde-loop-item ee-post\">\n        <div class='breakdance'><div class=\"bde-div-465-100-59940-465-1 bde-div bde-div-465-100\">\n  \n  \n\t\n\n\n\n<a class=\"bde-container-link-465-107-59940-465-1 bde-container-link bde-container-link-465-107 breakdance-link\" href=\"https:\/\/www.yokohama.eu\/pl\/media\/yokohama-rubber-to-supply-advan-tyres-for-bmw-m3-touring-24h-by-bmw-m-motorsport\/\" target=\"_self\" data-type=\"url\">\n  \n  \n\t\n\n\n\n\n\n<\/a><img decoding=\"async\" class=\"bde-image2-465-101-59940-465-1 bde-image2 bde-image2-465-101\" src=\"https:\/\/www.yokohama.eu\/wp-content\/uploads\/2026\/03\/BMW_M_Motorsport_M3_Touring_24h_Julian_Kroehl_317-1.jpg\" loading=\"lazy\" srcset=\"https:\/\/www.yokohama.eu\/wp-content\/uploads\/2026\/03\/BMW_M_Motorsport_M3_Touring_24h_Julian_Kroehl_317-1.jpg 7993w, https:\/\/www.yokohama.eu\/wp-content\/uploads\/2026\/03\/BMW_M_Motorsport_M3_Touring_24h_Julian_Kroehl_317-1-768x512.jpg 768w, https:\/\/www.yokohama.eu\/wp-content\/uploads\/2026\/03\/BMW_M_Motorsport_M3_Touring_24h_Julian_Kroehl_317-1-1536x1024.jpg 1536w, https:\/\/www.yokohama.eu\/wp-content\/uploads\/2026\/03\/BMW_M_Motorsport_M3_Touring_24h_Julian_Kroehl_317-1-2048x1366.jpg 2048w, https:\/\/www.yokohama.eu\/wp-content\/uploads\/2026\/03\/BMW_M_Motorsport_M3_Touring_24h_Julian_Kroehl_317-1-18x12.jpg 18w\" sizes=\"(max-width: 7993px) 100vw, 7993px\"><div class=\"bde-div-465-104-59940-465-1 bde-div bde-div-465-104\">\n  \n  \n\t\n\n\n\n<div class=\"bde-text-465-105-59940-465-1 bde-text bde-text-465-105\">\n25 mar 2026\n<\/div><div class=\"bde-text-465-106-59940-465-1 bde-text bde-text-465-106\">\nWiadomo\u015bci korporacyjne\n<\/div>\n<\/div><div class=\"bde-text-465-103-59940-465-1 bde-text bde-text-465-103\">\nYokohama Rubber to Supply ADVAN Tyres for BMW M3 Touring 24H by BMW M Motorsport\n<\/div><div class=\"bde-button-465-102-59940-465-1 bde-button btn-black bde-button-465-102\">\n    \n                                    \n    \n    \n    \n    \n            \n                    \n            \n            \n\n    \n    \n    \n    \n    \n    <a class=\"breakdance-link button-atom button-atom--primary bde-button__button\" href=\"https:\/\/www.yokohama.eu\/pl\/media\/yokohama-rubber-to-supply-advan-tyres-for-bmw-m3-touring-24h-by-bmw-m-motorsport\/\" target=\"_self\" data-type=\"url\"  >\n\n    \n        <span class=\"button-atom__text\">Czytaj wi\u0119cej<\/span>\n\n        \n        \n                <\/a>\n\n    \n\n\n<\/div>\n<\/div><\/div>    <\/article>\n<\/div>\r\n<\/div>\n<\/div><\/div>\n<\/section><div class=\"bde-globalblock-27-153 bde-globalblock\"><div class='breakdance'><section class=\"bde-section-1226-100-1226-1 bde-section overflow bde-section-1226-100\" data-gsap=\"true\" data-scrolltrigger=\"true\">\n  \n  \n\t\n\n\n\n<div class=\"section-container\"><div id=\"moments\" class=\"bde-div-1226-101-1226-1 bde-div is--anchor bde-div-1226-101\">\n  \n  \n\t\n\n\n\n\n<\/div><h2 class=\"bde-heading-1226-102-1226-1 bde-heading logo-heading bde-heading-1226-102\" data-animation=\"from-bot\" data-timeline=\"true\">\nChwile z Yokohama\n<\/h2><div class=\"bde-grid-1226-166-1226-1 bde-grid bde-grid-1226-166\" data-animation=\"instagram-scale\">\n  \n  \n\t\n\n\n\n<div class=\"bde-shortcode-1226-167-1226-1 bde-shortcode instagram__grid bde-shortcode-1226-167\" data-no-translation=\" \"><div class=\"instagram-post\" data-id=\"48403\" data-type=\"IMAGE\"><img decoding=\"async\" src=\"https:\/\/www.yokohama.eu\/wp-content\/uploads\/2025\/10\/instagram-18334012129225698-1760431448.jpg\" alt=\"\" loading=\"lazy\"><\/div><div class=\"instagram-post\" data-id=\"48405\" data-type=\"VIDEO\"><img decoding=\"async\" src=\"https:\/\/www.yokohama.eu\/wp-content\/uploads\/2025\/10\/instagram-18430436818103787-1760431452.jpg\" alt=\"\" loading=\"lazy\"><\/div><div class=\"instagram-post\" data-id=\"48407\" data-type=\"VIDEO\"><img decoding=\"async\" src=\"https:\/\/www.yokohama.eu\/wp-content\/uploads\/2025\/10\/instagram-18092489308830282-1760431453.jpg\" alt=\"\" loading=\"lazy\"><\/div><div class=\"instagram-post\" data-id=\"48300\" data-type=\"VIDEO\"><img decoding=\"async\" src=\"https:\/\/www.yokohama.eu\/wp-content\/uploads\/2025\/10\/instagram-18022773755567407-1760431454.jpg\" alt=\"\" loading=\"lazy\"><\/div><div class=\"instagram-post\" data-id=\"48295\" data-type=\"VIDEO\"><img decoding=\"async\" src=\"https:\/\/www.yokohama.eu\/wp-content\/uploads\/2025\/09\/instagram-18077006639098016-1760431456.jpg\" alt=\"\" loading=\"lazy\"><\/div><div class=\"instagram-post\" data-id=\"48294\" data-type=\"VIDEO\"><img decoding=\"async\" src=\"https:\/\/www.yokohama.eu\/wp-content\/uploads\/2025\/09\/instagram-18074625586890893-1760431457.jpg\" alt=\"\" loading=\"lazy\"><\/div><\/div><div class=\"bde-shortcode-1226-168-1226-1 bde-shortcode instagram__grid second bde-shortcode-1226-168\" data-no-translation=\" \"><div class=\"instagram-post\" data-id=\"48251\" data-type=\"VIDEO\"><img decoding=\"async\" src=\"https:\/\/www.yokohama.eu\/wp-content\/uploads\/2025\/09\/instagram-18057355373154297-1760431458.jpg\" alt=\"\" loading=\"lazy\"><\/div><div class=\"instagram-post\" data-id=\"48221\" data-type=\"VIDEO\"><img decoding=\"async\" src=\"https:\/\/www.yokohama.eu\/wp-content\/uploads\/2025\/09\/instagram-18127129537483996-1760431460.jpg\" alt=\"\" loading=\"lazy\"><\/div><div class=\"instagram-post\" data-id=\"48167\" data-type=\"CAROUSEL_ALBUM\"><img decoding=\"async\" src=\"https:\/\/www.yokohama.eu\/wp-content\/uploads\/2025\/09\/instagram-18091127125826988-1760431462.jpg\" alt=\"\" loading=\"lazy\"><\/div><div class=\"instagram-post\" data-id=\"47601\" data-type=\"CAROUSEL_ALBUM\"><img decoding=\"async\" src=\"https:\/\/www.yokohama.eu\/wp-content\/uploads\/2025\/09\/instagram-17928813927100770-1760431465.jpg\" alt=\"\" loading=\"lazy\"><\/div><div class=\"instagram-post\" data-id=\"47412\" data-type=\"VIDEO\"><img decoding=\"async\" src=\"https:\/\/www.yokohama.eu\/wp-content\/uploads\/2025\/08\/instagram-18078073075768248-1760431468.jpg\" alt=\"\" loading=\"lazy\"><\/div><div class=\"instagram-post\" data-id=\"47413\" data-type=\"CAROUSEL_ALBUM\"><img decoding=\"async\" src=\"https:\/\/www.yokohama.eu\/wp-content\/uploads\/2025\/08\/instagram-17901762441246864-1760431470.jpg\" alt=\"\" loading=\"lazy\"><\/div><\/div>\n<\/div><\/div>\n<\/section><\/div><\/div><\/div>","protected":false},"excerpt":{"rendered":"<p>Home \/ Media Defying limits. Defining stories Stay up to date with the latest Yokohama news, from product launches and innovations to motorsport highlights and global events. Yokohama highlights 0 result results Latest News First Oldest News First Title (a-z) Title (z-a) Items per page 12 24 36 48 1-12 of 100 \u00ab 1 2 [&hellip;]<\/p>\n","protected":false},"author":1,"featured_media":0,"parent":0,"menu_order":7,"comment_status":"closed","ping_status":"closed","template":"","meta":{"_acf_changed":false,"_breakdance_hide_in_design_set":false,"_breakdance_tags":"","footnotes":""},"class_list":["post-27","page","type-page","status-publish","hentry"],"acf":[],"yoast_head":"<!-- This site is optimized with the Yoast SEO plugin v27.0 - https:\/\/yoast.com\/product\/yoast-seo-wordpress\/ -->\n<title>Yokohama Tyres: News, Events &amp; Announcements<\/title>\n<meta name=\"description\" content=\"Stay updated with Yokohama\u2019s latest news, from product innovations to global partnerships, sustainability milestones, and motorsport wins.\" \/>\n<meta name=\"robots\" content=\"index, follow, max-snippet:-1, max-image-preview:large, max-video-preview:-1\" \/>\n<link rel=\"canonical\" href=\"https:\/\/www.yokohama.eu\/pl\/media\/\" \/>\n<meta property=\"og:locale\" content=\"pl_PL\" \/>\n<meta property=\"og:type\" content=\"article\" \/>\n<meta property=\"og:title\" content=\"Yokohama Tyres: News, Events &amp; Announcements\" \/>\n<meta property=\"og:description\" content=\"Stay updated with Yokohama\u2019s latest news, from product innovations to global partnerships, sustainability milestones, and motorsport wins.\" \/>\n<meta property=\"og:url\" content=\"https:\/\/www.yokohama.eu\/pl\/media\/\" \/>\n<meta property=\"og:site_name\" content=\"Yokohama\" \/>\n<meta property=\"article:modified_time\" content=\"2025-12-22T11:47:39+00:00\" \/>\n<meta name=\"twitter:card\" content=\"summary_large_image\" \/>\n<meta name=\"twitter:label1\" content=\"Szacowany czas czytania\" \/>\n\t<meta name=\"twitter:data1\" content=\"5 minut\" \/>\n<script type=\"application\/ld+json\" class=\"yoast-schema-graph\">{\"@context\":\"https:\/\/schema.org\",\"@graph\":[{\"@type\":\"WebPage\",\"@id\":\"https:\/\/www.yokohama.eu\/media\/\",\"url\":\"https:\/\/www.yokohama.eu\/media\/\",\"name\":\"Yokohama Tyres: News, Events & Announcements\",\"isPartOf\":{\"@id\":\"https:\/\/www.yokohama.eu\/#website\"},\"datePublished\":\"2025-03-25T14:40:59+00:00\",\"dateModified\":\"2025-12-22T11:47:39+00:00\",\"description\":\"Stay updated with Yokohama\u2019s latest news, from product innovations to global partnerships, sustainability milestones, and motorsport wins.\",\"breadcrumb\":{\"@id\":\"https:\/\/www.yokohama.eu\/media\/#breadcrumb\"},\"inLanguage\":\"pl-PL\",\"potentialAction\":[{\"@type\":\"ReadAction\",\"target\":[\"https:\/\/www.yokohama.eu\/media\/\"]}]},{\"@type\":\"BreadcrumbList\",\"@id\":\"https:\/\/www.yokohama.eu\/media\/#breadcrumb\",\"itemListElement\":[{\"@type\":\"ListItem\",\"position\":1,\"name\":\"Home\",\"item\":\"https:\/\/www.yokohama.eu\/\"},{\"@type\":\"ListItem\",\"position\":2,\"name\":\"Media\"}]},{\"@type\":\"WebSite\",\"@id\":\"https:\/\/www.yokohama.eu\/#website\",\"url\":\"https:\/\/www.yokohama.eu\/\",\"name\":\"Yokohama\",\"description\":\"\",\"potentialAction\":[{\"@type\":\"SearchAction\",\"target\":{\"@type\":\"EntryPoint\",\"urlTemplate\":\"https:\/\/www.yokohama.eu\/?s={search_term_string}\"},\"query-input\":{\"@type\":\"PropertyValueSpecification\",\"valueRequired\":true,\"valueName\":\"search_term_string\"}}],\"inLanguage\":\"pl-PL\"}]}<\/script>\n<!-- \/ Yoast SEO plugin. -->","yoast_head_json":{"title":"Yokohama: Aktualno\u015bci, Wydarzenia i Og\u0142oszenia","description":"B\u0105d\u017a na bie\u017c\u0105co z najnowszymi informacjami od Yokohama \u2013 od nowo\u015bci produktowych po globalne partnerstwa, osi\u0105gni\u0119cia w dziedzinie zr\u00f3wnowa\u017conego rozwoju i sukcesy w motorsporcie.","robots":{"index":"index","follow":"follow","max-snippet":"max-snippet:-1","max-image-preview":"max-image-preview:large","max-video-preview":"max-video-preview:-1"},"canonical":"https:\/\/www.yokohama.eu\/pl\/media\/","og_locale":"pl_PL","og_type":"article","og_title":"Yokohama Tyres: News, Events & Announcements","og_description":"Stay updated with Yokohama\u2019s latest news, from product innovations to global partnerships, sustainability milestones, and motorsport wins.","og_url":"https:\/\/www.yokohama.eu\/pl\/media\/","og_site_name":"Yokohama","article_modified_time":"2025-12-22T11:47:39+00:00","twitter_card":"summary_large_image","twitter_misc":{"Szacowany czas czytania":"5 minut"},"schema":{"@context":"https:\/\/schema.org","@graph":[{"@type":"WebPage","@id":"https:\/\/www.yokohama.eu\/media\/","url":"https:\/\/www.yokohama.eu\/media\/","name":"Yokohama: Aktualno\u015bci, Wydarzenia i Og\u0142oszenia","isPartOf":{"@id":"https:\/\/www.yokohama.eu\/#website"},"datePublished":"2025-03-25T14:40:59+00:00","dateModified":"2025-12-22T11:47:39+00:00","description":"B\u0105d\u017a na bie\u017c\u0105co z najnowszymi informacjami od Yokohama \u2013 od nowo\u015bci produktowych po globalne partnerstwa, osi\u0105gni\u0119cia w dziedzinie zr\u00f3wnowa\u017conego rozwoju i sukcesy w motorsporcie.","breadcrumb":{"@id":"https:\/\/www.yokohama.eu\/media\/#breadcrumb"},"inLanguage":"pl-PL","potentialAction":[{"@type":"ReadAction","target":["https:\/\/www.yokohama.eu\/media\/"]}]},{"@type":"BreadcrumbList","@id":"https:\/\/www.yokohama.eu\/media\/#breadcrumb","itemListElement":[{"@type":"ListItem","position":1,"name":"Home","item":"https:\/\/www.yokohama.eu\/"},{"@type":"ListItem","position":2,"name":"Media"}]},{"@type":"WebSite","@id":"https:\/\/www.yokohama.eu\/#website","url":"https:\/\/www.yokohama.eu\/","name":"Jokohama","description":"","potentialAction":[{"@type":"SearchAction","target":{"@type":"EntryPoint","urlTemplate":"https:\/\/www.yokohama.eu\/?s={search_term_string}"},"query-input":{"@type":"PropertyValueSpecification","valueRequired":true,"valueName":"search_term_string"}}],"inLanguage":"pl-PL"}]}},"_links":{"self":[{"href":"https:\/\/www.yokohama.eu\/pl\/wp-json\/wp\/v2\/pages\/27","targetHints":{"allow":["GET"]}}],"collection":[{"href":"https:\/\/www.yokohama.eu\/pl\/wp-json\/wp\/v2\/pages"}],"about":[{"href":"https:\/\/www.yokohama.eu\/pl\/wp-json\/wp\/v2\/types\/page"}],"author":[{"embeddable":true,"href":"https:\/\/www.yokohama.eu\/pl\/wp-json\/wp\/v2\/users\/1"}],"replies":[{"embeddable":true,"href":"https:\/\/www.yokohama.eu\/pl\/wp-json\/wp\/v2\/comments?post=27"}],"version-history":[{"count":6,"href":"https:\/\/www.yokohama.eu\/pl\/wp-json\/wp\/v2\/pages\/27\/revisions"}],"predecessor-version":[{"id":58105,"href":"https:\/\/www.yokohama.eu\/pl\/wp-json\/wp\/v2\/pages\/27\/revisions\/58105"}],"wp:attachment":[{"href":"https:\/\/www.yokohama.eu\/pl\/wp-json\/wp\/v2\/media?parent=27"}],"curies":[{"name":"wp","href":"https:\/\/api.w.org\/{rel}","templated":true}]}}