{"id":46561,"date":"2025-08-14T14:37:05","date_gmt":"2025-08-14T14:37:05","guid":{"rendered":"https:\/\/yokohama.demo.mybeautifuldomain.com\/?page_id=46561"},"modified":"2025-10-13T10:01:19","modified_gmt":"2025-10-13T10:01:19","slug":"regulacja-opon","status":"publish","type":"page","link":"https:\/\/www.yokohama.eu\/pl\/tyre-regulation\/","title":{"rendered":"Regulacje opon"},"content":{"rendered":"<div class='breakdance'><section class=\"bde-section-46561-100 bde-section\" data-gsap=\"true\" data-scrolltrigger=\"false\">\n  \n  \n\t\n\n\n\n<div class=\"section-container\"><div class=\"bde-shortcode-46561-101 bde-shortcode breadcrumbs__wrap\"><nav class=\"breadcrumbs\" aria-label=\"Bu\u0142ka tarta\"><a class=\"breadcrumbs__link breadcrumbs__link--home\" href=\"https:\/\/www.yokohama.eu\/pl\/\">Strona g\u0142\u00f3wna<\/a><span class=\"breadcrumbs__separator\"> \/ <\/span><span class=\"breadcrumbs__current\">Regulacje opon<\/span><\/nav><\/div><div class=\"bde-div-46561-102 bde-div\" data-animation=\"from-bot\">\n  \n  \n\t\n\n\n\n<h1 class=\"bde-heading-46561-103 bde-heading\">\nRegulacje opon\n<\/h1><div class=\"bde-rich-text-46561-107 bde-rich-text breakdance-rich-text-styles\">\n<p>Od 2012 r. etykieta efektywno\u015bci energetycznej opon UE zapewnia jasn\u0105 i wsp\u00f3ln\u0105 klasyfikacj\u0119 osi\u0105g\u00f3w opon w zakresie opor\u00f3w toczenia, hamowania na mokrych nawierzchniach i ha\u0142asu zewn\u0119trznego. Etykiety pomagaj\u0105 konsumentom podejmowa\u0107 \u015bwiadome decyzje przy zakupie opon, poniewa\u017c mog\u0105 oni \u0142atwo okre\u015bli\u0107 sw\u00f3j priorytetowy wyb\u00f3r na podstawie parametr\u00f3w.<\/p>\n<p>Rozporz\u0105dzenie (WE) nr 1222\/2009 po raz pierwszy wprowadzi\u0142o obowi\u0105zek wprowadzania na rynek UE opon do samochod\u00f3w osobowych i dostawczych z naklejk\u0105 zawieraj\u0105c\u0105 etykiet\u0119. Rozporz\u0105dzenie to zosta\u0142o uchylone i zast\u0105pione rozporz\u0105dzeniem (UE) 2020\/740, kt\u00f3rego stosowanie rozpocznie si\u0119 1 maja 2021 r. Ustanowi\u0142o ono ramy dla dostarczania zharmonizowanych informacji na temat parametr\u00f3w opon poprzez etykietowanie, aby umo\u017cliwi\u0107 u\u017cytkownikom ko\u0144cowym podejmowanie \u015bwiadomych decyzji przy zakupie opon, w celu zwi\u0119kszenia efektywno\u015bci ekonomicznej i \u015brodowiskowej transportu drogowego poprzez promowanie paliwooszcz\u0119dnych, bezpiecznych opon o niskim poziomie ha\u0142asu.<\/p>\n<p>Opony nie s\u0105 ju\u017c dozwolone w klasach F i G pod wzgl\u0119dem opor\u00f3w toczenia i przyczepno\u015bci na mokrej nawierzchni, dlatego nowa skala ma tylko 5 klas (od A do E). Nowe symbole energetyczne lepiej sugeruj\u0105, \u017ce efektywno\u015b\u0107 paliwowa ma zastosowanie zar\u00f3wno do pojazd\u00f3w spalinowych, jak i elektrycznych. W dolnej cz\u0119\u015bci zawsze wskazywana jest klasa zewn\u0119trznego ha\u0142asu toczenia, w tym zmierzona warto\u015b\u0107 poziomu ha\u0142asu zewn\u0119trznego w decybelach.<\/p>\n<p><a href=\"https:\/\/public-energy-label-acceptance.ec.europa.eu\/screen\/home\" target=\"_blank\" rel=\"noopener noreferrer nofollow\">Publiczna cz\u0119\u015b\u0107 platformy EPREL<\/a><\/p>\n<p><a href=\"https:\/\/eur-lex.europa.eu\/legal-content\/EN\/TXT\/?uri=uriserv%3AOJ.L_.2020.177.01.0001.01.ENG&amp;toc=OJ%3AL%3A2020%3A177%3ATOC\" target=\"_blank\" rel=\"noopener noreferrer nofollow\">Europejskie rozporz\u0105dzenie w sprawie etykietowania opon<\/a><\/p>\n<\/div><div class=\"bde-div-46561-108 bde-div\">\n  \n  \n\t\n\n\n\n<img decoding=\"async\" class=\"bde-image2-46561-109 bde-image2\" src=\"https:\/\/www.yokohama.eu\/wp-content\/uploads\/2025\/08\/Container.png\" alt=\"Tabela regulacji opon\" loading=\"lazy\" srcset=\"https:\/\/www.yokohama.eu\/wp-content\/uploads\/2025\/08\/Container.png 932w, https:\/\/www.yokohama.eu\/wp-content\/uploads\/2025\/08\/Container-768x938.png 768w\" sizes=\"(max-width: 932px) 100vw, 932px\"><div class=\"bde-div-46561-110 bde-div\">\n  \n  \n\t\n\n\n\n<div class=\"bde-text-46561-111 bde-text\">\nKod QR\n<\/div><div class=\"bde-text-46561-112 bde-text\">\nNazwa handlowa lub znak towarowy dostawcy\n<\/div><div class=\"bde-text-46561-113 bde-text\">\nIdentyfikacja typu opony\n<\/div><div class=\"bde-text-46561-114 bde-text\">\nOznaczenie rozmiaru opony, indeks no\u015bno\u015bci i symbol kategorii pr\u0119dko\u015bci\n<\/div><div class=\"bde-text-46561-115 bde-text\">\nKlasa opon: tj. C1, C2 lub C3\n<\/div><div class=\"bde-text-46561-116 bde-text\">\nPiktogram efektywno\u015bci paliwowej, skala i klasa wydajno\u015bci\n<\/div><div class=\"bde-text-46561-117 bde-text\">\nPiktogram przyczepno\u015bci na mokrej nawierzchni, skala i klasa wydajno\u015bci\n<\/div><div class=\"bde-text-46561-118 bde-text\">\nPiktogram zewn\u0119trznego ha\u0142asu toczenia, warto\u015b\u0107 (wyra\u017cona w dB i zaokr\u0105glona do najbli\u017cszej liczby ca\u0142kowitej) i klasa wydajno\u015bci\n<\/div><div class=\"bde-text-46561-119 bde-text\">\nPiktogram przyczepno\u015bci na \u015bniegu\n<\/div><div class=\"bde-text-46561-120 bde-text\">\nPiktogram chwytania lodu\n<\/div><div class=\"bde-text-46561-121 bde-text\">\nNumer seryjny niniejszego rozporz\u0105dzenia: \"2020\/740\"\n<\/div>\n<\/div>\n<\/div><div class=\"bde-div-46561-126 bde-div\">\n  \n  \n\t\n\n\n\n<div class=\"bde-div-46561-130 bde-div\">\n  \n  \n\t\n\n\n\n<img decoding=\"async\" class=\"bde-image2-46561-131 bde-image2\" src=\"https:\/\/www.yokohama.eu\/wp-content\/uploads\/2025\/08\/Asset-5.svg\" alt=\"Piktogram efektywno\u015bci paliwowej, skala i klasa wydajno\u015bci\" loading=\"lazy\">\n<\/div><div class=\"bde-div-46561-128 bde-div\">\n  \n  \n\t\n\n\n\n<h3 class=\"bde-heading-46561-142 bde-heading\">\nKlasa efektywno\u015bci paliwowej\n<\/h3><div class=\"bde-rich-text-46561-129 bde-rich-text breakdance-rich-text-styles\">\n<p>Klasa efektywno\u015bci paliwowej waha si\u0119 od A (najbardziej efektywna) do E (najmniej efektywna). Opona najwy\u017cszej klasy ma mniejsze opory toczenia, a zatem wymaga mniej energii do poruszania pojazdem. Przek\u0142ada si\u0119 to na ni\u017csze koszty energii (paliw kopalnych lub energii elektrycznej).<\/p>\n<\/div>\n<\/div>\n<\/div><div class=\"bde-div-46561-143 bde-div\">\n  \n  \n\t\n\n\n\n<div class=\"bde-div-46561-144 bde-div\">\n  \n  \n\t\n\n\n\n<img decoding=\"async\" class=\"bde-image2-46561-145 bde-image2\" src=\"https:\/\/www.yokohama.eu\/wp-content\/uploads\/2025\/08\/Asset-6.svg\" alt=\"Piktogram przyczepno\u015bci na mokrej nawierzchni, skala i klasa wydajno\u015bci\" loading=\"lazy\">\n<\/div><div class=\"bde-div-46561-146 bde-div\">\n  \n  \n\t\n\n\n\n<h3 class=\"bde-heading-46561-147 bde-heading\">\nKlasa przyczepno\u015bci na mokro\n<\/h3><div class=\"bde-rich-text-46561-148 bde-rich-text breakdance-rich-text-styles\">\n<p>Przyczepno\u015b\u0107 na mokrej nawierzchni opisuje osi\u0105gi opony w mokrych warunkach, a jej klasy wahaj\u0105 si\u0119 od A (kr\u00f3tsza droga hamowania na mokrym asfalcie) do E (najd\u0142u\u017csza).<\/p>\n<\/div>\n<\/div>\n<\/div><div class=\"bde-div-46561-149 bde-div\">\n  \n  \n\t\n\n\n\n<div class=\"bde-div-46561-150 bde-div\">\n  \n  \n\t\n\n\n\n<img decoding=\"async\" class=\"bde-image2-46561-151 bde-image2\" src=\"https:\/\/www.yokohama.eu\/wp-content\/uploads\/2025\/08\/Asset-4.svg\" alt=\"Piktogram zewn\u0119trznego ha\u0142asu toczenia, warto\u015b\u0107 i klasa wydajno\u015bci\" loading=\"lazy\">\n<\/div><div class=\"bde-div-46561-152 bde-div\">\n  \n  \n\t\n\n\n\n<h3 class=\"bde-heading-46561-153 bde-heading\">\nKlasa zewn\u0119trznego ha\u0142asu toczenia i zmierzona warto\u015b\u0107 (dB)\n<\/h3><div class=\"bde-rich-text-46561-154 bde-rich-text breakdance-rich-text-styles\">\n<p>Klasa zewn\u0119trznego ha\u0142asu toczenia waha si\u0119 od A (mniejszy ha\u0142as na zewn\u0105trz pojazdu) do C (najwi\u0119kszy ha\u0142as). Zewn\u0119trzny ha\u0142as toczenia powodowany przez opony jest mierzony w decybelach. Ha\u0142as ten r\u00f3\u017cni si\u0119 od<br \/>\"ha\u0142as wn\u0119kowy\", czyli ha\u0142as przenoszony z felg do wn\u0119trza samochodu.<\/p>\n<\/div>\n<\/div>\n<\/div><div class=\"bde-rich-text-46561-122 bde-rich-text breakdance-rich-text-styles\">\n<p>Zgodnie z nowymi przepisami, opr\u00f3cz poprzedniej etykiety opony, istnieje r\u00f3wnie\u017c mo\u017cliwo\u015b\u0107 umieszczenia ikony odnosz\u0105cej si\u0119 do przyczepno\u015bci na oblodzonej nawierzchni i\/lub w trudnych warunkach \u015bniegowych w dolnej cz\u0119\u015bci etykiety opony (obok piktogramu zewn\u0119trznego ha\u0142asu toczenia) dla opon, kt\u00f3re spe\u0142niaj\u0105 minimalne warto\u015bci wsp\u00f3\u0142czynnika przyczepno\u015bci na \u015bniegu lub odpowiednie minimalne warto\u015bci wsp\u00f3\u0142czynnika przyczepno\u015bci na lodzie.<\/p>\n<\/div><div class=\"bde-div-46561-137 bde-div\">\n  \n  \n\t\n\n\n\n<div class=\"bde-div-46561-138 bde-div\">\n  \n  \n\t\n\n\n\n<img decoding=\"async\" class=\"bde-image2-46561-139 bde-image2\" src=\"https:\/\/www.yokohama.eu\/wp-content\/uploads\/2025\/08\/Asset-3.svg\" alt=\"Piktogram przyczepno\u015bci na \u015bniegu i lodzie\" loading=\"lazy\">\n<\/div><div class=\"bde-div-46561-140 bde-div\">\n  \n  \n\t\n\n\n\n<div class=\"bde-rich-text-46561-141 bde-rich-text breakdance-rich-text-styles\">\n<p>Opony przeznaczone do jazdy w trudnych warunkach \u015bniegowych posiadaj\u0105 piktogram przyczepno\u015bci na \u015bniegu (\"3 Peak Mountain Snowflake\") lub symbol \"alpejski\", kt\u00f3ry jest r\u00f3wnie\u017c obecny na \u015bcianie bocznej takich opon. Na oponach zimowych do jazdy po oblodzonych nawierzchniach (klasa opon C1) znajduje si\u0119 symbol (piktogram przyczepno\u015bci na lodzie) przedstawiaj\u0105cy lodowy stalagmit.<\/p>\n<\/div>\n<\/div>\n<\/div><div class=\"bde-rich-text-46561-127 bde-rich-text breakdance-rich-text-styles\">\n<p>Kod QR, kt\u00f3ry mo\u017cna odczyta\u0107 za pomoc\u0105 smartfona lub innego odpowiedniego czytnika, ma na celu dostarczenie tych i dodatkowych informacji dla ka\u017cdego indywidualnego identyfikatora typu opony za po\u015brednictwem \u0142\u0105cza do publicznej cz\u0119\u015bci nowej europejskiej bazy danych produkt\u00f3w do etykietowania energetycznego (EPREL). \u0141\u0105cze do tej bazy danych jest r\u00f3wnie\u017c dost\u0119pne za po\u015brednictwem strony internetowej YOKOHAMA (www.yokohama.eu). Informacje z bazy danych mo\u017cna r\u00f3wnie\u017c uzyska\u0107 w formie drukowanej od sprzedawcy opon.<\/p>\n<p>Inne elementy etykiety to nazwa handlowa lub znak towarowy dostawcy, identyfikator typu opony, oznaczenie rozmiaru opony, indeks no\u015bno\u015bci i symbol kategorii pr\u0119dko\u015bci, klasa opony, a ponadto numer seryjny regulacji (w dolnej cz\u0119\u015bci etykiety opony).<\/p>\n<\/div><div class=\"bde-div-46561-123 bde-div\">\n  \n  \n\t\n\n\n\n<h2 class=\"bde-heading-46561-125 bde-heading\">\nDowiedz si\u0119 wi\u0119cej o nowym unijnym systemie etykietowania opon\n<\/h2><div class=\"bde-rich-text-46561-124 bde-rich-text breakdance-rich-text-styles\">\n<p>Dowiedz si\u0119, jak opony s\u0105 oceniane pod k\u0105tem przyczepno\u015bci, wydajno\u015bci i ha\u0142asu zgodnie z najnowszymi przepisami UE.<\/p>\n<\/div><div class=\"bde-button-46561-161 bde-button btn-black\">\n    \n                        \n                        \n    \n    \n    \n    \n            \n                    \n            \n            \n\n    \n    \n    \n    \n    \n    <a class=\"breakdance-link button-atom button-atom--primary bde-button__button\" href=\"\/pl\/regulacja-opon\/etykiety-na-opony-ue\/\" target=\"_self\" data-type=\"url\"  >\n\n    \n        <span class=\"button-atom__text\">Generator etykiet UE<\/span>\n\n        \n        \n                <\/a>\n\n    \n\n\n<\/div>\n<\/div>\n<\/div><\/div>\n<\/section><\/div>","protected":false},"excerpt":{"rendered":"<p>Home \/ Tyre Regulation Tyre Regulation Since 2012 the EU Tyre Energy Label provides a clear and common classification of tyre performance for rolling resistance, braking on wet surfaces and external noise. The labels help consumers make informed decisions when they are buying tyres as they can easily set their priority choice based on the [&hellip;]<\/p>\n","protected":false},"author":1,"featured_media":0,"parent":0,"menu_order":16,"comment_status":"closed","ping_status":"closed","template":"","meta":{"_acf_changed":false,"_breakdance_hide_in_design_set":false,"_breakdance_tags":"","footnotes":""},"class_list":["post-46561","page","type-page","status-publish","hentry"],"acf":[],"yoast_head":"<!-- This site is optimized with the Yoast SEO plugin v27.0 - https:\/\/yoast.com\/product\/yoast-seo-wordpress\/ -->\n<title>Tyre Compliance Info | Yokohama<\/title>\n<meta name=\"description\" content=\"Information on tyre regulation, including the main safety guidelines and international standards for tyres.\" \/>\n<meta name=\"robots\" content=\"index, follow, max-snippet:-1, max-image-preview:large, max-video-preview:-1\" \/>\n<link rel=\"canonical\" href=\"https:\/\/www.yokohama.eu\/pl\/regulacja-opon\/\" \/>\n<meta property=\"og:locale\" content=\"pl_PL\" \/>\n<meta property=\"og:type\" content=\"article\" \/>\n<meta property=\"og:title\" content=\"Tyre Compliance Info | Yokohama\" \/>\n<meta property=\"og:description\" content=\"Information on tyre regulation, including the main safety guidelines and international standards for tyres.\" \/>\n<meta property=\"og:url\" content=\"https:\/\/www.yokohama.eu\/pl\/regulacja-opon\/\" \/>\n<meta property=\"og:site_name\" content=\"Yokohama\" \/>\n<meta property=\"article:modified_time\" content=\"2025-10-13T10:01:19+00:00\" \/>\n<meta name=\"twitter:card\" content=\"summary_large_image\" \/>\n<meta name=\"twitter:label1\" content=\"Szacowany czas czytania\" \/>\n\t<meta name=\"twitter:data1\" content=\"5 minut\" \/>\n<script type=\"application\/ld+json\" class=\"yoast-schema-graph\">{\"@context\":\"https:\/\/schema.org\",\"@graph\":[{\"@type\":\"WebPage\",\"@id\":\"https:\/\/www.yokohama.eu\/tyre-regulation\/\",\"url\":\"https:\/\/www.yokohama.eu\/tyre-regulation\/\",\"name\":\"Tyre Compliance Info | Yokohama\",\"isPartOf\":{\"@id\":\"https:\/\/www.yokohama.eu\/#website\"},\"datePublished\":\"2025-08-14T14:37:05+00:00\",\"dateModified\":\"2025-10-13T10:01:19+00:00\",\"description\":\"Information on tyre regulation, including the main safety guidelines and international standards for tyres.\",\"breadcrumb\":{\"@id\":\"https:\/\/www.yokohama.eu\/tyre-regulation\/#breadcrumb\"},\"inLanguage\":\"pl-PL\",\"potentialAction\":[{\"@type\":\"ReadAction\",\"target\":[\"https:\/\/www.yokohama.eu\/tyre-regulation\/\"]}]},{\"@type\":\"BreadcrumbList\",\"@id\":\"https:\/\/www.yokohama.eu\/tyre-regulation\/#breadcrumb\",\"itemListElement\":[{\"@type\":\"ListItem\",\"position\":1,\"name\":\"Home\",\"item\":\"https:\/\/www.yokohama.eu\/\"},{\"@type\":\"ListItem\",\"position\":2,\"name\":\"Tyre Regulation\"}]},{\"@type\":\"WebSite\",\"@id\":\"https:\/\/www.yokohama.eu\/#website\",\"url\":\"https:\/\/www.yokohama.eu\/\",\"name\":\"Yokohama\",\"description\":\"\",\"potentialAction\":[{\"@type\":\"SearchAction\",\"target\":{\"@type\":\"EntryPoint\",\"urlTemplate\":\"https:\/\/www.yokohama.eu\/?s={search_term_string}\"},\"query-input\":{\"@type\":\"PropertyValueSpecification\",\"valueRequired\":true,\"valueName\":\"search_term_string\"}}],\"inLanguage\":\"pl-PL\"}]}<\/script>\n<!-- \/ Yoast SEO plugin. -->","yoast_head_json":{"title":"Informacje o zgodno\u015bci opon | Yokohama","description":"Informacje na temat przepis\u00f3w dotycz\u0105cych opon, w tym g\u0142\u00f3wne wytyczne dotycz\u0105ce bezpiecze\u0144stwa i mi\u0119dzynarodowe normy dotycz\u0105ce opon.","robots":{"index":"index","follow":"follow","max-snippet":"max-snippet:-1","max-image-preview":"max-image-preview:large","max-video-preview":"max-video-preview:-1"},"canonical":"https:\/\/www.yokohama.eu\/pl\/regulacja-opon\/","og_locale":"pl_PL","og_type":"article","og_title":"Tyre Compliance Info | Yokohama","og_description":"Information on tyre regulation, including the main safety guidelines and international standards for tyres.","og_url":"https:\/\/www.yokohama.eu\/pl\/regulacja-opon\/","og_site_name":"Yokohama","article_modified_time":"2025-10-13T10:01:19+00:00","twitter_card":"summary_large_image","twitter_misc":{"Szacowany czas czytania":"5 minut"},"schema":{"@context":"https:\/\/schema.org","@graph":[{"@type":"WebPage","@id":"https:\/\/www.yokohama.eu\/tyre-regulation\/","url":"https:\/\/www.yokohama.eu\/tyre-regulation\/","name":"Informacje o zgodno\u015bci opon | Yokohama","isPartOf":{"@id":"https:\/\/www.yokohama.eu\/#website"},"datePublished":"2025-08-14T14:37:05+00:00","dateModified":"2025-10-13T10:01:19+00:00","description":"Informacje na temat przepis\u00f3w dotycz\u0105cych opon, w tym g\u0142\u00f3wne wytyczne dotycz\u0105ce bezpiecze\u0144stwa i mi\u0119dzynarodowe normy dotycz\u0105ce opon.","breadcrumb":{"@id":"https:\/\/www.yokohama.eu\/tyre-regulation\/#breadcrumb"},"inLanguage":"pl-PL","potentialAction":[{"@type":"ReadAction","target":["https:\/\/www.yokohama.eu\/tyre-regulation\/"]}]},{"@type":"BreadcrumbList","@id":"https:\/\/www.yokohama.eu\/tyre-regulation\/#breadcrumb","itemListElement":[{"@type":"ListItem","position":1,"name":"Home","item":"https:\/\/www.yokohama.eu\/"},{"@type":"ListItem","position":2,"name":"Tyre Regulation"}]},{"@type":"WebSite","@id":"https:\/\/www.yokohama.eu\/#website","url":"https:\/\/www.yokohama.eu\/","name":"Jokohama","description":"","potentialAction":[{"@type":"SearchAction","target":{"@type":"EntryPoint","urlTemplate":"https:\/\/www.yokohama.eu\/?s={search_term_string}"},"query-input":{"@type":"PropertyValueSpecification","valueRequired":true,"valueName":"search_term_string"}}],"inLanguage":"pl-PL"}]}},"_links":{"self":[{"href":"https:\/\/www.yokohama.eu\/pl\/wp-json\/wp\/v2\/pages\/46561","targetHints":{"allow":["GET"]}}],"collection":[{"href":"https:\/\/www.yokohama.eu\/pl\/wp-json\/wp\/v2\/pages"}],"about":[{"href":"https:\/\/www.yokohama.eu\/pl\/wp-json\/wp\/v2\/types\/page"}],"author":[{"embeddable":true,"href":"https:\/\/www.yokohama.eu\/pl\/wp-json\/wp\/v2\/users\/1"}],"replies":[{"embeddable":true,"href":"https:\/\/www.yokohama.eu\/pl\/wp-json\/wp\/v2\/comments?post=46561"}],"version-history":[{"count":3,"href":"https:\/\/www.yokohama.eu\/pl\/wp-json\/wp\/v2\/pages\/46561\/revisions"}],"predecessor-version":[{"id":48400,"href":"https:\/\/www.yokohama.eu\/pl\/wp-json\/wp\/v2\/pages\/46561\/revisions\/48400"}],"wp:attachment":[{"href":"https:\/\/www.yokohama.eu\/pl\/wp-json\/wp\/v2\/media?parent=46561"}],"curies":[{"name":"wp","href":"https:\/\/api.w.org\/{rel}","templated":true}]}}